{"id":11918,"date":"2023-04-29T17:26:10","date_gmt":"2023-04-29T17:26:10","guid":{"rendered":"https:\/\/flagship.ryari.com\/index.php\/product\/eizo-flexscan-ev3895-375-zoll-ips-led-curved-monitor-weiss-2\/"},"modified":"2026-05-02T09:26:08","modified_gmt":"2026-05-02T09:26:08","slug":"eizo-flexscan-ev3895-375-zoll-ips-led-curved-monitor-weiss-2","status":"publish","type":"product","link":"https:\/\/flagship.ryari.com\/index.php\/product\/eizo-flexscan-ev3895-375-zoll-ips-led-curved-monitor-weiss-2\/","title":{"rendered":"EIZO FlexScan EV3895 37,5 Zoll IPS LED Curved-Monitor &#8211; Wei\u00df"},"content":{"rendered":"","protected":false},"excerpt":{"rendered":"<p>Entdecken Sie EIZO FlexScan EV3895 37,5 Zoll IPS LED Curved-Monitor &#8211; Wei\u00df in der gro\u00dfen Auswahl bei eBay. Kostenlose Lieferung f\u00fcr viele Artikel!<\/p>\n","protected":false},"featured_media":999980000000119180,"comment_status":"open","ping_status":"closed","template":"","meta":[],"product_cat":[240],"product_tag":[],"class_list":{"0":"post-11918","1":"product","2":"type-product","3":"status-publish","4":"has-post-thumbnail","6":"product_cat-monitore-31-bis-399-zoll","8":"first","9":"instock","10":"taxable","11":"shipping-taxable","12":"product-type-external"},"acf":[],"_links":{"self":[{"href":"https:\/\/flagship.ryari.com\/index.php\/wp-json\/wp\/v2\/product\/11918","targetHints":{"allow":["GET"]}}],"collection":[{"href":"https:\/\/flagship.ryari.com\/index.php\/wp-json\/wp\/v2\/product"}],"about":[{"href":"https:\/\/flagship.ryari.com\/index.php\/wp-json\/wp\/v2\/types\/product"}],"replies":[{"embeddable":true,"href":"https:\/\/flagship.ryari.com\/index.php\/wp-json\/wp\/v2\/comments?post=11918"}],"wp:featuredmedia":[{"embeddable":true,"href":"https:\/\/flagship.ryari.com\/index.php\/wp-json\/"}],"wp:attachment":[{"href":"https:\/\/flagship.ryari.com\/index.php\/wp-json\/wp\/v2\/media?parent=11918"}],"wp:term":[{"taxonomy":"product_cat","embeddable":true,"href":"https:\/\/flagship.ryari.com\/index.php\/wp-json\/wp\/v2\/product_cat?post=11918"},{"taxonomy":"product_tag","embeddable":true,"href":"https:\/\/flagship.ryari.com\/index.php\/wp-json\/wp\/v2\/product_tag?post=11918"}],"curies":[{"name":"wp","href":"https:\/\/api.w.org\/{rel}","templated":true}]}}