{"id":17693,"date":"2023-05-01T16:39:23","date_gmt":"2023-05-01T16:39:23","guid":{"rendered":"https:\/\/flagship.ryari.com\/index.php\/product\/canon-pixma-g5050-tintenstrahldrucker-fuer-unternehmen-2\/"},"modified":"2026-04-12T18:30:30","modified_gmt":"2026-04-12T18:30:30","slug":"canon-pixma-g5050-tintenstrahldrucker-fuer-unternehmen-2","status":"publish","type":"product","link":"https:\/\/flagship.ryari.com\/index.php\/product\/canon-pixma-g5050-tintenstrahldrucker-fuer-unternehmen-2\/","title":{"rendered":"Canon Pixma G5050 Tintenstrahldrucker f\u00fcr Unternehmen"},"content":{"rendered":"","protected":false},"excerpt":{"rendered":"<p>Entdecken Sie Canon Pixma G5050 Tintenstrahldrucker f\u00fcr Unternehmen in der gro\u00dfen Auswahl bei eBay. Kostenlose Lieferung f\u00fcr viele Artikel!<\/p>\n","protected":false},"featured_media":999980000000176930,"comment_status":"open","ping_status":"closed","template":"","meta":[],"product_cat":[260],"product_tag":[],"class_list":{"0":"post-17693","1":"product","2":"type-product","3":"status-publish","4":"has-post-thumbnail","6":"product_cat-thermo-drucker","8":"first","9":"instock","10":"taxable","11":"shipping-taxable","12":"product-type-external"},"acf":[],"_links":{"self":[{"href":"https:\/\/flagship.ryari.com\/index.php\/wp-json\/wp\/v2\/product\/17693","targetHints":{"allow":["GET"]}}],"collection":[{"href":"https:\/\/flagship.ryari.com\/index.php\/wp-json\/wp\/v2\/product"}],"about":[{"href":"https:\/\/flagship.ryari.com\/index.php\/wp-json\/wp\/v2\/types\/product"}],"replies":[{"embeddable":true,"href":"https:\/\/flagship.ryari.com\/index.php\/wp-json\/wp\/v2\/comments?post=17693"}],"wp:featuredmedia":[{"embeddable":true,"href":"https:\/\/flagship.ryari.com\/index.php\/wp-json\/"}],"wp:attachment":[{"href":"https:\/\/flagship.ryari.com\/index.php\/wp-json\/wp\/v2\/media?parent=17693"}],"wp:term":[{"taxonomy":"product_cat","embeddable":true,"href":"https:\/\/flagship.ryari.com\/index.php\/wp-json\/wp\/v2\/product_cat?post=17693"},{"taxonomy":"product_tag","embeddable":true,"href":"https:\/\/flagship.ryari.com\/index.php\/wp-json\/wp\/v2\/product_tag?post=17693"}],"curies":[{"name":"wp","href":"https:\/\/api.w.org\/{rel}","templated":true}]}}