{"id":18083,"date":"2023-05-01T16:51:46","date_gmt":"2023-05-01T16:51:46","guid":{"rendered":"https:\/\/flagship.ryari.com\/index.php\/product\/hp-envy-6420e-all-in-one-multifunktionsdrucker-weiss-2\/"},"modified":"2026-04-17T15:46:32","modified_gmt":"2026-04-17T15:46:32","slug":"hp-envy-6420e-all-in-one-multifunktionsdrucker-weiss-2","status":"publish","type":"product","link":"https:\/\/flagship.ryari.com\/index.php\/product\/hp-envy-6420e-all-in-one-multifunktionsdrucker-weiss-2\/","title":{"rendered":"HP Envy 6420e All-in-One Multifunktionsdrucker &#8211; Wei\u00df"},"content":{"rendered":"","protected":false},"excerpt":{"rendered":"<p>Entdecken Sie HP Envy 6420e All-in-One Multifunktionsdrucker &#8211; Wei\u00df in der gro\u00dfen Auswahl bei eBay. Kostenlose Lieferung f\u00fcr viele Artikel!<\/p>\n","protected":false},"featured_media":999980000000180830,"comment_status":"open","ping_status":"closed","template":"","meta":[],"product_cat":[260],"product_tag":[],"class_list":{"0":"post-18083","1":"product","2":"type-product","3":"status-publish","4":"has-post-thumbnail","6":"product_cat-thermo-drucker","8":"first","9":"instock","10":"taxable","11":"shipping-taxable","12":"product-type-external"},"acf":[],"_links":{"self":[{"href":"https:\/\/flagship.ryari.com\/index.php\/wp-json\/wp\/v2\/product\/18083","targetHints":{"allow":["GET"]}}],"collection":[{"href":"https:\/\/flagship.ryari.com\/index.php\/wp-json\/wp\/v2\/product"}],"about":[{"href":"https:\/\/flagship.ryari.com\/index.php\/wp-json\/wp\/v2\/types\/product"}],"replies":[{"embeddable":true,"href":"https:\/\/flagship.ryari.com\/index.php\/wp-json\/wp\/v2\/comments?post=18083"}],"wp:featuredmedia":[{"embeddable":true,"href":"https:\/\/flagship.ryari.com\/index.php\/wp-json\/"}],"wp:attachment":[{"href":"https:\/\/flagship.ryari.com\/index.php\/wp-json\/wp\/v2\/media?parent=18083"}],"wp:term":[{"taxonomy":"product_cat","embeddable":true,"href":"https:\/\/flagship.ryari.com\/index.php\/wp-json\/wp\/v2\/product_cat?post=18083"},{"taxonomy":"product_tag","embeddable":true,"href":"https:\/\/flagship.ryari.com\/index.php\/wp-json\/wp\/v2\/product_tag?post=18083"}],"curies":[{"name":"wp","href":"https:\/\/api.w.org\/{rel}","templated":true}]}}