{"id":18445,"date":"2023-05-01T17:07:11","date_gmt":"2023-05-01T17:07:11","guid":{"rendered":"https:\/\/flagship.ryari.com\/index.php\/product\/neu-ungeoeffnet-3d-drucker-renkforce-pro-6\/"},"modified":"2026-04-06T09:21:07","modified_gmt":"2026-04-06T09:21:07","slug":"neu-ungeoeffnet-3d-drucker-renkforce-pro-6","status":"publish","type":"product","link":"https:\/\/flagship.ryari.com\/index.php\/product\/neu-ungeoeffnet-3d-drucker-renkforce-pro-6\/","title":{"rendered":"Neu Unge\u00f6ffnet 3d Drucker Renkforce Pro 6"},"content":{"rendered":"","protected":false},"excerpt":{"rendered":"<p>Entdecken Sie Neu Unge\u00f6ffnet 3d Drucker Renkforce Pro 6 in der gro\u00dfen Auswahl bei eBay. Kostenlose Lieferung f\u00fcr viele Artikel!<\/p>\n","protected":false},"featured_media":999980000000184450,"comment_status":"open","ping_status":"closed","template":"","meta":[],"product_cat":[262],"product_tag":[],"class_list":{"0":"post-18445","1":"product","2":"type-product","3":"status-publish","4":"has-post-thumbnail","6":"product_cat-3d-drucker","8":"first","9":"instock","10":"taxable","11":"shipping-taxable","12":"product-type-external"},"acf":[],"_links":{"self":[{"href":"https:\/\/flagship.ryari.com\/index.php\/wp-json\/wp\/v2\/product\/18445","targetHints":{"allow":["GET"]}}],"collection":[{"href":"https:\/\/flagship.ryari.com\/index.php\/wp-json\/wp\/v2\/product"}],"about":[{"href":"https:\/\/flagship.ryari.com\/index.php\/wp-json\/wp\/v2\/types\/product"}],"replies":[{"embeddable":true,"href":"https:\/\/flagship.ryari.com\/index.php\/wp-json\/wp\/v2\/comments?post=18445"}],"wp:featuredmedia":[{"embeddable":true,"href":"https:\/\/flagship.ryari.com\/index.php\/wp-json\/"}],"wp:attachment":[{"href":"https:\/\/flagship.ryari.com\/index.php\/wp-json\/wp\/v2\/media?parent=18445"}],"wp:term":[{"taxonomy":"product_cat","embeddable":true,"href":"https:\/\/flagship.ryari.com\/index.php\/wp-json\/wp\/v2\/product_cat?post=18445"},{"taxonomy":"product_tag","embeddable":true,"href":"https:\/\/flagship.ryari.com\/index.php\/wp-json\/wp\/v2\/product_tag?post=18445"}],"curies":[{"name":"wp","href":"https:\/\/api.w.org\/{rel}","templated":true}]}}