{"id":18560,"date":"2023-05-01T17:09:49","date_gmt":"2023-05-01T17:09:49","guid":{"rendered":"https:\/\/flagship.ryari.com\/index.php\/product\/longer-lk5-pro-3d-drucker-300x300x400mm-open-source-grosse-groesse\/"},"modified":"2026-04-18T06:18:22","modified_gmt":"2026-04-18T06:18:22","slug":"longer-lk5-pro-3d-drucker-300x300x400mm-open-source-grosse-groesse","status":"publish","type":"product","link":"https:\/\/flagship.ryari.com\/index.php\/product\/longer-lk5-pro-3d-drucker-300x300x400mm-open-source-grosse-groesse\/","title":{"rendered":"Longer LK5 Pro 3D Drucker 300x300x400mm Open Source Gro\u00dfe Gr\u00f6\u00dfe"},"content":{"rendered":"","protected":false},"excerpt":{"rendered":"<p>Entdecken Sie Longer LK5 Pro 3D Drucker 300x300x400mm Open Source Gro\u00dfe Gr\u00f6\u00dfe in der gro\u00dfen Auswahl bei eBay. Kostenlose Lieferung f\u00fcr viele Artikel!<\/p>\n","protected":false},"featured_media":999980000000185600,"comment_status":"open","ping_status":"closed","template":"","meta":[],"product_cat":[262],"product_tag":[],"class_list":{"0":"post-18560","1":"product","2":"type-product","3":"status-publish","4":"has-post-thumbnail","6":"product_cat-3d-drucker","8":"first","9":"instock","10":"taxable","11":"shipping-taxable","12":"product-type-external"},"acf":[],"_links":{"self":[{"href":"https:\/\/flagship.ryari.com\/index.php\/wp-json\/wp\/v2\/product\/18560","targetHints":{"allow":["GET"]}}],"collection":[{"href":"https:\/\/flagship.ryari.com\/index.php\/wp-json\/wp\/v2\/product"}],"about":[{"href":"https:\/\/flagship.ryari.com\/index.php\/wp-json\/wp\/v2\/types\/product"}],"replies":[{"embeddable":true,"href":"https:\/\/flagship.ryari.com\/index.php\/wp-json\/wp\/v2\/comments?post=18560"}],"wp:featuredmedia":[{"embeddable":true,"href":"https:\/\/flagship.ryari.com\/index.php\/wp-json\/"}],"wp:attachment":[{"href":"https:\/\/flagship.ryari.com\/index.php\/wp-json\/wp\/v2\/media?parent=18560"}],"wp:term":[{"taxonomy":"product_cat","embeddable":true,"href":"https:\/\/flagship.ryari.com\/index.php\/wp-json\/wp\/v2\/product_cat?post=18560"},{"taxonomy":"product_tag","embeddable":true,"href":"https:\/\/flagship.ryari.com\/index.php\/wp-json\/wp\/v2\/product_tag?post=18560"}],"curies":[{"name":"wp","href":"https:\/\/api.w.org\/{rel}","templated":true}]}}