{"id":18818,"date":"2023-05-01T17:15:08","date_gmt":"2023-05-01T17:15:08","guid":{"rendered":"https:\/\/flagship.ryari.com\/index.php\/product\/eprom-chip-filament-nachfuellung-fuer-stratasys-dimension-sst-768-bst-1200-2\/"},"modified":"2026-04-18T08:21:38","modified_gmt":"2026-04-18T08:21:38","slug":"eprom-chip-filament-nachfuellung-fuer-stratasys-dimension-sst-768-bst-1200-2","status":"publish","type":"product","link":"https:\/\/flagship.ryari.com\/index.php\/product\/eprom-chip-filament-nachfuellung-fuer-stratasys-dimension-sst-768-bst-1200-2\/","title":{"rendered":"Eprom Chip Filament Nachf\u00fcllung f\u00fcr Stratasys Dimension SST 768 BST 1200"},"content":{"rendered":"","protected":false},"excerpt":{"rendered":"<p>Entdecken Sie Eprom Chip Filament Nachf\u00fcllung f\u00fcr Stratasys Dimension SST 768 BST 1200 in der gro\u00dfen Auswahl bei eBay. Kostenlose Lieferung f\u00fcr viele Artikel!<\/p>\n","protected":false},"featured_media":999980000000188180,"comment_status":"open","ping_status":"closed","template":"","meta":[],"product_cat":[262],"product_tag":[],"class_list":{"0":"post-18818","1":"product","2":"type-product","3":"status-publish","4":"has-post-thumbnail","6":"product_cat-3d-drucker","8":"first","9":"instock","10":"taxable","11":"shipping-taxable","12":"product-type-external"},"acf":[],"_links":{"self":[{"href":"https:\/\/flagship.ryari.com\/index.php\/wp-json\/wp\/v2\/product\/18818","targetHints":{"allow":["GET"]}}],"collection":[{"href":"https:\/\/flagship.ryari.com\/index.php\/wp-json\/wp\/v2\/product"}],"about":[{"href":"https:\/\/flagship.ryari.com\/index.php\/wp-json\/wp\/v2\/types\/product"}],"replies":[{"embeddable":true,"href":"https:\/\/flagship.ryari.com\/index.php\/wp-json\/wp\/v2\/comments?post=18818"}],"wp:featuredmedia":[{"embeddable":true,"href":"https:\/\/flagship.ryari.com\/index.php\/wp-json\/"}],"wp:attachment":[{"href":"https:\/\/flagship.ryari.com\/index.php\/wp-json\/wp\/v2\/media?parent=18818"}],"wp:term":[{"taxonomy":"product_cat","embeddable":true,"href":"https:\/\/flagship.ryari.com\/index.php\/wp-json\/wp\/v2\/product_cat?post=18818"},{"taxonomy":"product_tag","embeddable":true,"href":"https:\/\/flagship.ryari.com\/index.php\/wp-json\/wp\/v2\/product_tag?post=18818"}],"curies":[{"name":"wp","href":"https:\/\/api.w.org\/{rel}","templated":true}]}}