{"id":21070,"date":"2023-05-02T18:58:52","date_gmt":"2023-05-02T18:58:52","guid":{"rendered":"https:\/\/flagship.ryari.com\/index.php\/product\/3d-fisch-gruppe-057-rutschfest-buero-schreibtisch-maus-matte-gross-tastatur-pad\/"},"modified":"2026-04-23T14:40:39","modified_gmt":"2026-04-23T14:40:39","slug":"3d-fisch-gruppe-057-rutschfest-buero-schreibtisch-maus-matte-gross-tastatur-pad","status":"publish","type":"product","link":"https:\/\/flagship.ryari.com\/index.php\/product\/3d-fisch-gruppe-057-rutschfest-buero-schreibtisch-maus-matte-gross-tastatur-pad\/","title":{"rendered":"3D Fisch Gruppe 057 Rutschfest B\u00fcro Schreibtisch Maus Matte Gro\u00df Tastatur Pad"},"content":{"rendered":"","protected":false},"excerpt":{"rendered":"<p>Entdecken Sie 3D Fisch Gruppe 057 Rutschfest B\u00fcro Schreibtisch Maus Matte Gro\u00df Tastatur Pad in der gro\u00dfen Auswahl bei eBay. Kostenlose Lieferung f\u00fcr viele Artikel!<\/p>\n","protected":false},"featured_media":999980000000210700,"comment_status":"open","ping_status":"closed","template":"","meta":[],"product_cat":[271],"product_tag":[],"class_list":{"0":"post-21070","1":"product","2":"type-product","3":"status-publish","4":"has-post-thumbnail","6":"product_cat-maeuse","8":"first","9":"instock","10":"taxable","11":"shipping-taxable","12":"product-type-external"},"acf":[],"_links":{"self":[{"href":"https:\/\/flagship.ryari.com\/index.php\/wp-json\/wp\/v2\/product\/21070","targetHints":{"allow":["GET"]}}],"collection":[{"href":"https:\/\/flagship.ryari.com\/index.php\/wp-json\/wp\/v2\/product"}],"about":[{"href":"https:\/\/flagship.ryari.com\/index.php\/wp-json\/wp\/v2\/types\/product"}],"replies":[{"embeddable":true,"href":"https:\/\/flagship.ryari.com\/index.php\/wp-json\/wp\/v2\/comments?post=21070"}],"wp:featuredmedia":[{"embeddable":true,"href":"https:\/\/flagship.ryari.com\/index.php\/wp-json\/"}],"wp:attachment":[{"href":"https:\/\/flagship.ryari.com\/index.php\/wp-json\/wp\/v2\/media?parent=21070"}],"wp:term":[{"taxonomy":"product_cat","embeddable":true,"href":"https:\/\/flagship.ryari.com\/index.php\/wp-json\/wp\/v2\/product_cat?post=21070"},{"taxonomy":"product_tag","embeddable":true,"href":"https:\/\/flagship.ryari.com\/index.php\/wp-json\/wp\/v2\/product_tag?post=21070"}],"curies":[{"name":"wp","href":"https:\/\/api.w.org\/{rel}","templated":true}]}}