{"id":21172,"date":"2023-05-02T18:59:51","date_gmt":"2023-05-02T18:59:51","guid":{"rendered":"https:\/\/flagship.ryari.com\/index.php\/product\/3d-weihnachtsmann-c38-christmas-rutschfest-buero-schreibtisch-matte-tastatur-zoe\/"},"modified":"2026-04-14T20:53:25","modified_gmt":"2026-04-14T20:53:25","slug":"3d-weihnachtsmann-c38-christmas-rutschfest-buero-schreibtisch-matte-tastatur-zoe","status":"publish","type":"product","link":"https:\/\/flagship.ryari.com\/index.php\/product\/3d-weihnachtsmann-c38-christmas-rutschfest-buero-schreibtisch-matte-tastatur-zoe\/","title":{"rendered":"3D Weihnachtsmann C38 Christmas Rutschfest B\u00fcro-Schreibtisch Matte Tastatur Zoe"},"content":{"rendered":"","protected":false},"excerpt":{"rendered":"<p>Entdecken Sie 3D Weihnachtsmann C38 Christmas Rutschfest B\u00fcro-Schreibtisch Matte Tastatur Zoe in der gro\u00dfen Auswahl bei eBay. Kostenlose Lieferung f\u00fcr viele Artikel!<\/p>\n","protected":false},"featured_media":999980000000211720,"comment_status":"open","ping_status":"closed","template":"","meta":[],"product_cat":[271],"product_tag":[],"class_list":{"0":"post-21172","1":"product","2":"type-product","3":"status-publish","4":"has-post-thumbnail","6":"product_cat-maeuse","8":"first","9":"instock","10":"taxable","11":"shipping-taxable","12":"product-type-external"},"acf":[],"_links":{"self":[{"href":"https:\/\/flagship.ryari.com\/index.php\/wp-json\/wp\/v2\/product\/21172","targetHints":{"allow":["GET"]}}],"collection":[{"href":"https:\/\/flagship.ryari.com\/index.php\/wp-json\/wp\/v2\/product"}],"about":[{"href":"https:\/\/flagship.ryari.com\/index.php\/wp-json\/wp\/v2\/types\/product"}],"replies":[{"embeddable":true,"href":"https:\/\/flagship.ryari.com\/index.php\/wp-json\/wp\/v2\/comments?post=21172"}],"wp:featuredmedia":[{"embeddable":true,"href":"https:\/\/flagship.ryari.com\/index.php\/wp-json\/"}],"wp:attachment":[{"href":"https:\/\/flagship.ryari.com\/index.php\/wp-json\/wp\/v2\/media?parent=21172"}],"wp:term":[{"taxonomy":"product_cat","embeddable":true,"href":"https:\/\/flagship.ryari.com\/index.php\/wp-json\/wp\/v2\/product_cat?post=21172"},{"taxonomy":"product_tag","embeddable":true,"href":"https:\/\/flagship.ryari.com\/index.php\/wp-json\/wp\/v2\/product_tag?post=21172"}],"curies":[{"name":"wp","href":"https:\/\/api.w.org\/{rel}","templated":true}]}}