{"id":21224,"date":"2023-05-02T19:00:44","date_gmt":"2023-05-02T19:00:44","guid":{"rendered":"https:\/\/flagship.ryari.com\/index.php\/product\/logitech-usb-unifying-receiver-wireless-maus-tastaturempfaenger-910-005236-2\/"},"modified":"2026-04-17T16:37:37","modified_gmt":"2026-04-17T16:37:37","slug":"logitech-usb-unifying-receiver-wireless-maus-tastaturempfaenger-910-005236-2","status":"publish","type":"product","link":"https:\/\/flagship.ryari.com\/index.php\/product\/logitech-usb-unifying-receiver-wireless-maus-tastaturempfaenger-910-005236-2\/","title":{"rendered":"Logitech USB Unifying Receiver Wireless Maus-\/Tastaturempf\u00e4nger (910-005236)"},"content":{"rendered":"","protected":false},"excerpt":{"rendered":"<p>Entdecken Sie Logitech USB Unifying Receiver Wireless Maus-\/Tastaturempf\u00e4nger (910-005236) in der gro\u00dfen Auswahl bei eBay. Kostenlose Lieferung f\u00fcr viele Artikel!<\/p>\n","protected":false},"featured_media":999980000000212240,"comment_status":"open","ping_status":"closed","template":"","meta":[],"product_cat":[271],"product_tag":[],"class_list":{"0":"post-21224","1":"product","2":"type-product","3":"status-publish","4":"has-post-thumbnail","6":"product_cat-maeuse","8":"first","9":"instock","10":"taxable","11":"shipping-taxable","12":"product-type-external"},"acf":[],"_links":{"self":[{"href":"https:\/\/flagship.ryari.com\/index.php\/wp-json\/wp\/v2\/product\/21224","targetHints":{"allow":["GET"]}}],"collection":[{"href":"https:\/\/flagship.ryari.com\/index.php\/wp-json\/wp\/v2\/product"}],"about":[{"href":"https:\/\/flagship.ryari.com\/index.php\/wp-json\/wp\/v2\/types\/product"}],"replies":[{"embeddable":true,"href":"https:\/\/flagship.ryari.com\/index.php\/wp-json\/wp\/v2\/comments?post=21224"}],"wp:featuredmedia":[{"embeddable":true,"href":"https:\/\/flagship.ryari.com\/index.php\/wp-json\/"}],"wp:attachment":[{"href":"https:\/\/flagship.ryari.com\/index.php\/wp-json\/wp\/v2\/media?parent=21224"}],"wp:term":[{"taxonomy":"product_cat","embeddable":true,"href":"https:\/\/flagship.ryari.com\/index.php\/wp-json\/wp\/v2\/product_cat?post=21224"},{"taxonomy":"product_tag","embeddable":true,"href":"https:\/\/flagship.ryari.com\/index.php\/wp-json\/wp\/v2\/product_tag?post=21224"}],"curies":[{"name":"wp","href":"https:\/\/api.w.org\/{rel}","templated":true}]}}