{"id":21303,"date":"2023-05-02T19:02:20","date_gmt":"2023-05-02T19:02:20","guid":{"rendered":"https:\/\/flagship.ryari.com\/index.php\/product\/logitech-g402-910-004067-maus-2\/"},"modified":"2026-04-17T07:33:18","modified_gmt":"2026-04-17T07:33:18","slug":"logitech-g402-910-004067-maus-2","status":"publish","type":"product","link":"https:\/\/flagship.ryari.com\/index.php\/product\/logitech-g402-910-004067-maus-2\/","title":{"rendered":"Logitech G402 (910-004067) Maus"},"content":{"rendered":"<p>Die Logitech G402 ist eine kabelgebundene Maus die speziell f\u00fcr Gamer entwickelt wurde. Sie zeichnet sich durch mehrere Besonderheiten aus. Das pr\u00e4zise Laser-Abtastsystem kann zwischen den Abtastraten von 240 bis 4000 dpi sogar mitten im Spiel angepasst werden. Zudem wird es von einem integrierten Geschwindigkeitsmesser unterst\u00fctzt. Sie verf\u00fcgt ferner \u00fcber ein 4 Wege Mausrad und acht programmierbare Tasten. Der Anschluss der Maus erfolgt \u00fcber einen USB-Port am PC.<\/p>\n","protected":false},"excerpt":{"rendered":"<p>Die Logitech G402 ist eine kabelgebundene Maus die speziell f\u00fcr Gamer entwickelt wurde. Sie zeichnet sich durch mehrere Besonderheiten aus. Das pr\u00e4zise Laser-Abtastsystem kann zwischen den Abtastraten von 240 bis<\/p>\n","protected":false},"featured_media":999980000000213030,"comment_status":"open","ping_status":"closed","template":"","meta":[],"product_cat":[271],"product_tag":[],"class_list":{"0":"post-21303","1":"product","2":"type-product","3":"status-publish","4":"has-post-thumbnail","6":"product_cat-maeuse","8":"first","9":"instock","10":"taxable","11":"shipping-taxable","12":"product-type-external"},"acf":[],"_links":{"self":[{"href":"https:\/\/flagship.ryari.com\/index.php\/wp-json\/wp\/v2\/product\/21303","targetHints":{"allow":["GET"]}}],"collection":[{"href":"https:\/\/flagship.ryari.com\/index.php\/wp-json\/wp\/v2\/product"}],"about":[{"href":"https:\/\/flagship.ryari.com\/index.php\/wp-json\/wp\/v2\/types\/product"}],"replies":[{"embeddable":true,"href":"https:\/\/flagship.ryari.com\/index.php\/wp-json\/wp\/v2\/comments?post=21303"}],"wp:featuredmedia":[{"embeddable":true,"href":"https:\/\/flagship.ryari.com\/index.php\/wp-json\/"}],"wp:attachment":[{"href":"https:\/\/flagship.ryari.com\/index.php\/wp-json\/wp\/v2\/media?parent=21303"}],"wp:term":[{"taxonomy":"product_cat","embeddable":true,"href":"https:\/\/flagship.ryari.com\/index.php\/wp-json\/wp\/v2\/product_cat?post=21303"},{"taxonomy":"product_tag","embeddable":true,"href":"https:\/\/flagship.ryari.com\/index.php\/wp-json\/wp\/v2\/product_tag?post=21303"}],"curies":[{"name":"wp","href":"https:\/\/api.w.org\/{rel}","templated":true}]}}