{"id":21519,"date":"2023-05-02T19:23:52","date_gmt":"2023-05-02T19:23:52","guid":{"rendered":"https:\/\/flagship.ryari.com\/index.php\/product\/3d-schneemann-ball-c37-christmas-rutschfest-buero-schreibtisch-matte-tastatur-zoe\/"},"modified":"2026-05-02T09:35:16","modified_gmt":"2026-05-02T09:35:16","slug":"3d-schneemann-ball-c37-christmas-rutschfest-buero-schreibtisch-matte-tastatur-zoe","status":"publish","type":"product","link":"https:\/\/flagship.ryari.com\/index.php\/product\/3d-schneemann-ball-c37-christmas-rutschfest-buero-schreibtisch-matte-tastatur-zoe\/","title":{"rendered":"3D Schneemann Ball C37 Christmas Rutschfest B\u00fcro-Schreibtisch Matte Tastatur Zoe"},"content":{"rendered":"","protected":false},"excerpt":{"rendered":"<p>Entdecken Sie 3D Schneemann Ball C37 Christmas Rutschfest B\u00fcro-Schreibtisch Matte Tastatur Zoe in der gro\u00dfen Auswahl bei eBay. Kostenlose Lieferung f\u00fcr viele Artikel!<\/p>\n","protected":false},"featured_media":999980000000215190,"comment_status":"open","ping_status":"closed","template":"","meta":[],"product_cat":[271],"product_tag":[],"class_list":{"0":"post-21519","1":"product","2":"type-product","3":"status-publish","4":"has-post-thumbnail","6":"product_cat-maeuse","8":"first","9":"instock","10":"taxable","11":"shipping-taxable","12":"product-type-external"},"acf":[],"_links":{"self":[{"href":"https:\/\/flagship.ryari.com\/index.php\/wp-json\/wp\/v2\/product\/21519","targetHints":{"allow":["GET"]}}],"collection":[{"href":"https:\/\/flagship.ryari.com\/index.php\/wp-json\/wp\/v2\/product"}],"about":[{"href":"https:\/\/flagship.ryari.com\/index.php\/wp-json\/wp\/v2\/types\/product"}],"replies":[{"embeddable":true,"href":"https:\/\/flagship.ryari.com\/index.php\/wp-json\/wp\/v2\/comments?post=21519"}],"wp:featuredmedia":[{"embeddable":true,"href":"https:\/\/flagship.ryari.com\/index.php\/wp-json\/"}],"wp:attachment":[{"href":"https:\/\/flagship.ryari.com\/index.php\/wp-json\/wp\/v2\/media?parent=21519"}],"wp:term":[{"taxonomy":"product_cat","embeddable":true,"href":"https:\/\/flagship.ryari.com\/index.php\/wp-json\/wp\/v2\/product_cat?post=21519"},{"taxonomy":"product_tag","embeddable":true,"href":"https:\/\/flagship.ryari.com\/index.php\/wp-json\/wp\/v2\/product_tag?post=21519"}],"curies":[{"name":"wp","href":"https:\/\/api.w.org\/{rel}","templated":true}]}}