{"id":21532,"date":"2023-05-02T19:24:11","date_gmt":"2023-05-02T19:24:11","guid":{"rendered":"https:\/\/flagship.ryari.com\/index.php\/product\/evoluent-verticalmouse-3-vm3r2rsb-maus\/"},"modified":"2026-05-15T21:53:48","modified_gmt":"2026-05-15T21:53:48","slug":"evoluent-verticalmouse-3-vm3r2rsb-maus","status":"publish","type":"product","link":"https:\/\/flagship.ryari.com\/index.php\/product\/evoluent-verticalmouse-3-vm3r2rsb-maus\/","title":{"rendered":"Evoluent VerticalMouse 3 (VM3R2RSB) Maus"},"content":{"rendered":"<p>Die Evoluent VerticalMouse 3 ist eine ergonomisch gestaltete Computermaus. Dabei besitzt die Maus als Eingabeger\u00e4t insgesamt 5 Tasten und ein 2 \u2013 Wege \u2013Scrollrad zur besseren Navigation auf Webseiten und in Multimediaanwendungen. Der Maussensor l\u00f6st hierbei dynamisch mit bis zu 2600 dpi auf, was auch f\u00fcr unge\u00fcbte Anwender leicht zu reduzieren ist. Dank der USB \u2013 Kabelverbindung ist es nicht n\u00f6tig die Maus zu laden und kann somit stetig ohne Unterbrechung verwendet werden.<\/p>\n","protected":false},"excerpt":{"rendered":"<p>Die Evoluent VerticalMouse 3 ist eine ergonomisch gestaltete Computermaus. Dabei besitzt die Maus als Eingabeger\u00e4t insgesamt 5 Tasten und ein 2 \u2013 Wege \u2013Scrollrad zur besseren Navigation auf Webseiten und<\/p>\n","protected":false},"featured_media":999980000000215320,"comment_status":"open","ping_status":"closed","template":"","meta":[],"product_cat":[271],"product_tag":[],"class_list":{"0":"post-21532","1":"product","2":"type-product","3":"status-publish","4":"has-post-thumbnail","6":"product_cat-maeuse","8":"first","9":"instock","10":"taxable","11":"shipping-taxable","12":"product-type-external"},"acf":[],"_links":{"self":[{"href":"https:\/\/flagship.ryari.com\/index.php\/wp-json\/wp\/v2\/product\/21532","targetHints":{"allow":["GET"]}}],"collection":[{"href":"https:\/\/flagship.ryari.com\/index.php\/wp-json\/wp\/v2\/product"}],"about":[{"href":"https:\/\/flagship.ryari.com\/index.php\/wp-json\/wp\/v2\/types\/product"}],"replies":[{"embeddable":true,"href":"https:\/\/flagship.ryari.com\/index.php\/wp-json\/wp\/v2\/comments?post=21532"}],"wp:featuredmedia":[{"embeddable":true,"href":"https:\/\/flagship.ryari.com\/index.php\/wp-json\/"}],"wp:attachment":[{"href":"https:\/\/flagship.ryari.com\/index.php\/wp-json\/wp\/v2\/media?parent=21532"}],"wp:term":[{"taxonomy":"product_cat","embeddable":true,"href":"https:\/\/flagship.ryari.com\/index.php\/wp-json\/wp\/v2\/product_cat?post=21532"},{"taxonomy":"product_tag","embeddable":true,"href":"https:\/\/flagship.ryari.com\/index.php\/wp-json\/wp\/v2\/product_tag?post=21532"}],"curies":[{"name":"wp","href":"https:\/\/api.w.org\/{rel}","templated":true}]}}