{"id":21658,"date":"2023-05-02T19:36:28","date_gmt":"2023-05-02T19:36:28","guid":{"rendered":"https:\/\/flagship.ryari.com\/index.php\/product\/22885-trust-verto-maus-ergonomisch-fuer-rechtshaender-d\/"},"modified":"2026-04-27T20:37:03","modified_gmt":"2026-04-27T20:37:03","slug":"22885-trust-verto-maus-ergonomisch-fuer-rechtshaender-d","status":"publish","type":"product","link":"https:\/\/flagship.ryari.com\/index.php\/product\/22885-trust-verto-maus-ergonomisch-fuer-rechtshaender-d\/","title":{"rendered":"22885 Trust Verto Maus ergonomisch f\u00fcr Rechtsh\u00e4nder D"},"content":{"rendered":"","protected":false},"excerpt":{"rendered":"<p>Entdecken Sie 22885 Trust Verto Maus ergonomisch f\u00fcr Rechtsh\u00e4nder D in der gro\u00dfen Auswahl bei eBay. Kostenlose Lieferung f\u00fcr viele Artikel!<\/p>\n","protected":false},"featured_media":999980000000216580,"comment_status":"open","ping_status":"closed","template":"","meta":[],"product_cat":[271],"product_tag":[],"class_list":{"0":"post-21658","1":"product","2":"type-product","3":"status-publish","4":"has-post-thumbnail","6":"product_cat-maeuse","8":"first","9":"instock","10":"taxable","11":"shipping-taxable","12":"product-type-external"},"acf":[],"_links":{"self":[{"href":"https:\/\/flagship.ryari.com\/index.php\/wp-json\/wp\/v2\/product\/21658","targetHints":{"allow":["GET"]}}],"collection":[{"href":"https:\/\/flagship.ryari.com\/index.php\/wp-json\/wp\/v2\/product"}],"about":[{"href":"https:\/\/flagship.ryari.com\/index.php\/wp-json\/wp\/v2\/types\/product"}],"replies":[{"embeddable":true,"href":"https:\/\/flagship.ryari.com\/index.php\/wp-json\/wp\/v2\/comments?post=21658"}],"wp:featuredmedia":[{"embeddable":true,"href":"https:\/\/flagship.ryari.com\/index.php\/wp-json\/"}],"wp:attachment":[{"href":"https:\/\/flagship.ryari.com\/index.php\/wp-json\/wp\/v2\/media?parent=21658"}],"wp:term":[{"taxonomy":"product_cat","embeddable":true,"href":"https:\/\/flagship.ryari.com\/index.php\/wp-json\/wp\/v2\/product_cat?post=21658"},{"taxonomy":"product_tag","embeddable":true,"href":"https:\/\/flagship.ryari.com\/index.php\/wp-json\/wp\/v2\/product_tag?post=21658"}],"curies":[{"name":"wp","href":"https:\/\/api.w.org\/{rel}","templated":true}]}}