{"id":22566,"date":"2023-05-03T09:46:32","date_gmt":"2023-05-03T09:46:32","guid":{"rendered":"https:\/\/flagship.ryari.com\/index.php\/product\/seagate-ld25-2-series-80gbintern5400rpm\/"},"modified":"2026-04-12T06:34:29","modified_gmt":"2026-04-12T06:34:29","slug":"seagate-ld25-2-series-80gbintern5400rpm","status":"publish","type":"product","link":"https:\/\/flagship.ryari.com\/index.php\/product\/seagate-ld25-2-series-80gbintern5400rpm\/","title":{"rendered":"Seagate LD25.2 Series 80GB,Intern,5400RPM"},"content":{"rendered":"<p>Die interne Seagate LD25.2 Series Festplatte verf\u00fcgt \u00fcber ein Speichervolumen von 80 GB, das Platz f\u00fcr zahlreiche Dateien und Anwendungen bietet. Der Anschluss an den Computer erfolgt \u00fcber eine SATA-Schnittstelle. Der Formfaktor der Festplatte betr\u00e4gt 2,5 Zoll, die Rotationsgeschwindigkeit 5400 RPM. Als Aufnahmeverfahren findet das Perpendicular Magnetic Recording Verwendung. Die Festplatte hat eine Abmessung von 70 x 100 x 9,5 mm und ein Gewicht von 100 g.<\/p>\n","protected":false},"excerpt":{"rendered":"<p>Die interne Seagate LD25.2 Series Festplatte verf\u00fcgt \u00fcber ein Speichervolumen von 80 GB, das Platz f\u00fcr zahlreiche Dateien und Anwendungen bietet. Der Anschluss an den Computer erfolgt \u00fcber eine SATA-Schnittstelle.<\/p>\n","protected":false},"featured_media":999980000000225660,"comment_status":"open","ping_status":"closed","template":"","meta":[],"product_cat":[285],"product_tag":[],"class_list":{"0":"post-22566","1":"product","2":"type-product","3":"status-publish","4":"has-post-thumbnail","6":"product_cat-intern-hdd","8":"first","9":"instock","10":"taxable","11":"shipping-taxable","12":"product-type-external"},"acf":[],"_links":{"self":[{"href":"https:\/\/flagship.ryari.com\/index.php\/wp-json\/wp\/v2\/product\/22566","targetHints":{"allow":["GET"]}}],"collection":[{"href":"https:\/\/flagship.ryari.com\/index.php\/wp-json\/wp\/v2\/product"}],"about":[{"href":"https:\/\/flagship.ryari.com\/index.php\/wp-json\/wp\/v2\/types\/product"}],"replies":[{"embeddable":true,"href":"https:\/\/flagship.ryari.com\/index.php\/wp-json\/wp\/v2\/comments?post=22566"}],"wp:featuredmedia":[{"embeddable":true,"href":"https:\/\/flagship.ryari.com\/index.php\/wp-json\/"}],"wp:attachment":[{"href":"https:\/\/flagship.ryari.com\/index.php\/wp-json\/wp\/v2\/media?parent=22566"}],"wp:term":[{"taxonomy":"product_cat","embeddable":true,"href":"https:\/\/flagship.ryari.com\/index.php\/wp-json\/wp\/v2\/product_cat?post=22566"},{"taxonomy":"product_tag","embeddable":true,"href":"https:\/\/flagship.ryari.com\/index.php\/wp-json\/wp\/v2\/product_tag?post=22566"}],"curies":[{"name":"wp","href":"https:\/\/api.w.org\/{rel}","templated":true}]}}