{"id":22667,"date":"2023-05-03T09:49:00","date_gmt":"2023-05-03T09:49:00","guid":{"rendered":"https:\/\/flagship.ryari.com\/index.php\/product\/seagate-35-zoll-st250dm000\/"},"modified":"2026-05-06T08:03:05","modified_gmt":"2026-05-06T08:03:05","slug":"seagate-35-zoll-st250dm000","status":"publish","type":"product","link":"https:\/\/flagship.ryari.com\/index.php\/product\/seagate-35-zoll-st250dm000\/","title":{"rendered":"Seagate (3,5 Zoll) (ST250DM000)"},"content":{"rendered":"","protected":false},"excerpt":{"rendered":"<p>Seagate HD 3,5 SATAIII 250GB ST250DM000 7200rpm 16MB, Bauform: 3,5 Kapazit\u00e4t: 250GB Schnittstelle: SATAIII Umdrehung: 7200rpm Speicher: 16MB Zugriffszeit: ms Irrt\u00fcmer und technische \u00c4nderungen vorbehalten.<\/p>\n","protected":false},"featured_media":999980000000226670,"comment_status":"open","ping_status":"closed","template":"","meta":[],"product_cat":[285],"product_tag":[],"class_list":{"0":"post-22667","1":"product","2":"type-product","3":"status-publish","4":"has-post-thumbnail","6":"product_cat-intern-hdd","8":"first","9":"instock","10":"taxable","11":"shipping-taxable","12":"product-type-external"},"acf":[],"_links":{"self":[{"href":"https:\/\/flagship.ryari.com\/index.php\/wp-json\/wp\/v2\/product\/22667","targetHints":{"allow":["GET"]}}],"collection":[{"href":"https:\/\/flagship.ryari.com\/index.php\/wp-json\/wp\/v2\/product"}],"about":[{"href":"https:\/\/flagship.ryari.com\/index.php\/wp-json\/wp\/v2\/types\/product"}],"replies":[{"embeddable":true,"href":"https:\/\/flagship.ryari.com\/index.php\/wp-json\/wp\/v2\/comments?post=22667"}],"wp:featuredmedia":[{"embeddable":true,"href":"https:\/\/flagship.ryari.com\/index.php\/wp-json\/"}],"wp:attachment":[{"href":"https:\/\/flagship.ryari.com\/index.php\/wp-json\/wp\/v2\/media?parent=22667"}],"wp:term":[{"taxonomy":"product_cat","embeddable":true,"href":"https:\/\/flagship.ryari.com\/index.php\/wp-json\/wp\/v2\/product_cat?post=22667"},{"taxonomy":"product_tag","embeddable":true,"href":"https:\/\/flagship.ryari.com\/index.php\/wp-json\/wp\/v2\/product_tag?post=22667"}],"curies":[{"name":"wp","href":"https:\/\/api.w.org\/{rel}","templated":true}]}}