{"id":22760,"date":"2023-05-03T09:54:19","date_gmt":"2023-05-03T09:54:19","guid":{"rendered":"https:\/\/flagship.ryari.com\/index.php\/product\/seagate-pipeline-hd-1tbintern5900rpm\/"},"modified":"2026-05-15T23:38:57","modified_gmt":"2026-05-15T23:38:57","slug":"seagate-pipeline-hd-1tbintern5900rpm","status":"publish","type":"product","link":"https:\/\/flagship.ryari.com\/index.php\/product\/seagate-pipeline-hd-1tbintern5900rpm\/","title":{"rendered":"Seagate Pipeline HD 1TB,Intern,5900RPM"},"content":{"rendered":"<p>Die Pipeline HD ST1000VM002 von Seagate kommt mit einer hohen Datenrate und zugleich sehr leisen Betriebsger\u00c3\u20acuschen. Sie bietet ma\u00c3\u009fgeschneiderte Funktionen f\u00c3\u0152r digitale Videoanwendungen, eine hohe Kapazit\u00c3\u20act und einen sparsamen Stromverbrauch, also eine ideale L\u00c3\u00b6sung f\u00c3\u0152r unterhaltungselektronische Ger\u00c3\u20acte wie digitale Videorekorder und Set-Top-Boxen.<\/p>\n","protected":false},"excerpt":{"rendered":"<p>Die Pipeline HD ST1000VM002 von Seagate kommt mit einer hohen Datenrate und zugleich sehr leisen Betriebsger\u00c3\u20acuschen. Sie bietet ma\u00c3\u009fgeschneiderte Funktionen f\u00c3\u0152r digitale Videoanwendungen, eine hohe Kapazit\u00c3\u20act und einen sparsamen Stromverbrauch,<\/p>\n","protected":false},"featured_media":999980000000227600,"comment_status":"open","ping_status":"closed","template":"","meta":[],"product_cat":[285],"product_tag":[],"class_list":{"0":"post-22760","1":"product","2":"type-product","3":"status-publish","4":"has-post-thumbnail","6":"product_cat-intern-hdd","8":"first","9":"instock","10":"taxable","11":"shipping-taxable","12":"product-type-external"},"acf":[],"_links":{"self":[{"href":"https:\/\/flagship.ryari.com\/index.php\/wp-json\/wp\/v2\/product\/22760","targetHints":{"allow":["GET"]}}],"collection":[{"href":"https:\/\/flagship.ryari.com\/index.php\/wp-json\/wp\/v2\/product"}],"about":[{"href":"https:\/\/flagship.ryari.com\/index.php\/wp-json\/wp\/v2\/types\/product"}],"replies":[{"embeddable":true,"href":"https:\/\/flagship.ryari.com\/index.php\/wp-json\/wp\/v2\/comments?post=22760"}],"wp:featuredmedia":[{"embeddable":true,"href":"https:\/\/flagship.ryari.com\/index.php\/wp-json\/"}],"wp:attachment":[{"href":"https:\/\/flagship.ryari.com\/index.php\/wp-json\/wp\/v2\/media?parent=22760"}],"wp:term":[{"taxonomy":"product_cat","embeddable":true,"href":"https:\/\/flagship.ryari.com\/index.php\/wp-json\/wp\/v2\/product_cat?post=22760"},{"taxonomy":"product_tag","embeddable":true,"href":"https:\/\/flagship.ryari.com\/index.php\/wp-json\/wp\/v2\/product_tag?post=22760"}],"curies":[{"name":"wp","href":"https:\/\/api.w.org\/{rel}","templated":true}]}}