{"id":23118,"date":"2023-05-03T10:01:41","date_gmt":"2023-05-03T10:01:41","guid":{"rendered":"https:\/\/flagship.ryari.com\/index.php\/product\/western-digital-caviar-80gbintern7200rpm889-cm-35-zoll-wd800bb-festplatte-2\/"},"modified":"2026-04-17T15:48:03","modified_gmt":"2026-04-17T15:48:03","slug":"western-digital-caviar-80gbintern7200rpm889-cm-35-zoll-wd800bb-festplatte-2","status":"publish","type":"product","link":"https:\/\/flagship.ryari.com\/index.php\/product\/western-digital-caviar-80gbintern7200rpm889-cm-35-zoll-wd800bb-festplatte-2\/","title":{"rendered":"Western Digital Caviar 80GB,Intern,7200RPM,8,89 cm (3,5 Zoll) (WD800BB) Festplatte"},"content":{"rendered":"<p>Die Western Digital Caviar Blue ist eine, f\u00fcr den internen Gebrauch in Desktopcomputern vorgesehene, Festplatte im 3,5 Zoll Format und kann im Geh\u00e4use verschraubt werden. F\u00fcr die Verbindung mit dem Rechner wird die IDE-Schnittstelle verwendet und das Speichervolumen der Caviar Blue betr\u00e4gt 80 GB. Die HDD-Festplatte schreibt Daten im Longitudinal Magnetic Recording Verfahren mit einer Geschwindigkeit von bis zu 7200 RPM, wobei 2 MB Cache als Zwischenspeicher zur Verf\u00fcgung stehen.<\/p>\n","protected":false},"excerpt":{"rendered":"<p>Die Western Digital Caviar Blue ist eine, f\u00fcr den internen Gebrauch in Desktopcomputern vorgesehene, Festplatte im 3,5 Zoll Format und kann im Geh\u00e4use verschraubt werden. F\u00fcr die Verbindung mit dem<\/p>\n","protected":false},"featured_media":999980000000231180,"comment_status":"open","ping_status":"closed","template":"","meta":[],"product_cat":[285],"product_tag":[],"class_list":{"0":"post-23118","1":"product","2":"type-product","3":"status-publish","4":"has-post-thumbnail","6":"product_cat-intern-hdd","8":"first","9":"instock","10":"taxable","11":"shipping-taxable","12":"product-type-external"},"acf":[],"_links":{"self":[{"href":"https:\/\/flagship.ryari.com\/index.php\/wp-json\/wp\/v2\/product\/23118","targetHints":{"allow":["GET"]}}],"collection":[{"href":"https:\/\/flagship.ryari.com\/index.php\/wp-json\/wp\/v2\/product"}],"about":[{"href":"https:\/\/flagship.ryari.com\/index.php\/wp-json\/wp\/v2\/types\/product"}],"replies":[{"embeddable":true,"href":"https:\/\/flagship.ryari.com\/index.php\/wp-json\/wp\/v2\/comments?post=23118"}],"wp:featuredmedia":[{"embeddable":true,"href":"https:\/\/flagship.ryari.com\/index.php\/wp-json\/"}],"wp:attachment":[{"href":"https:\/\/flagship.ryari.com\/index.php\/wp-json\/wp\/v2\/media?parent=23118"}],"wp:term":[{"taxonomy":"product_cat","embeddable":true,"href":"https:\/\/flagship.ryari.com\/index.php\/wp-json\/wp\/v2\/product_cat?post=23118"},{"taxonomy":"product_tag","embeddable":true,"href":"https:\/\/flagship.ryari.com\/index.php\/wp-json\/wp\/v2\/product_tag?post=23118"}],"curies":[{"name":"wp","href":"https:\/\/api.w.org\/{rel}","templated":true}]}}