{"id":24993,"date":"2023-05-03T17:27:43","date_gmt":"2023-05-03T17:27:43","guid":{"rendered":"https:\/\/flagship.ryari.com\/index.php\/product\/sandisk-cruzer-blade-usb-stick-128-gb\/"},"modified":"2026-04-06T11:14:42","modified_gmt":"2026-04-06T11:14:42","slug":"sandisk-cruzer-blade-usb-stick-128-gb","status":"publish","type":"product","link":"https:\/\/flagship.ryari.com\/index.php\/product\/sandisk-cruzer-blade-usb-stick-128-gb\/","title":{"rendered":"SanDisk Cruzer Blade USB-stick 128 GB"},"content":{"rendered":"<p>Der Cruzer Blade USB-Stick bietet mit 128 GB einen gro\u00dfz\u00fcgigen Speicherplatz. Der Stick von SanDisk bietet nicht nur viel Platz f\u00fcr Dokumente, er l\u00e4sst sich auch mit einem Kennwort vor unbefugten Zugriffen sch\u00fctzen. Mit diesem USB-Stick k\u00f6nnen Sie Ihre wichtigen und pers\u00f6nlichen Dokumente, Ihre Musik oder Ihre Videos jederzeit bequem transportieren. Das kompakte Design im Taschenformat macht dies m\u00f6glich.<\/p>\n","protected":false},"excerpt":{"rendered":"<p>Der Cruzer Blade USB-Stick bietet mit 128 GB einen gro\u00dfz\u00fcgigen Speicherplatz. Der Stick von SanDisk bietet nicht nur viel Platz f\u00fcr Dokumente, er l\u00e4sst sich auch mit einem Kennwort vor<\/p>\n","protected":false},"featured_media":999980000000249930,"comment_status":"open","ping_status":"closed","template":"","meta":[],"product_cat":[275],"product_tag":[],"class_list":{"0":"post-24993","1":"product","2":"type-product","3":"status-publish","4":"has-post-thumbnail","6":"product_cat-usb-sticks","8":"first","9":"instock","10":"taxable","11":"shipping-taxable","12":"product-type-external"},"acf":[],"_links":{"self":[{"href":"https:\/\/flagship.ryari.com\/index.php\/wp-json\/wp\/v2\/product\/24993","targetHints":{"allow":["GET"]}}],"collection":[{"href":"https:\/\/flagship.ryari.com\/index.php\/wp-json\/wp\/v2\/product"}],"about":[{"href":"https:\/\/flagship.ryari.com\/index.php\/wp-json\/wp\/v2\/types\/product"}],"replies":[{"embeddable":true,"href":"https:\/\/flagship.ryari.com\/index.php\/wp-json\/wp\/v2\/comments?post=24993"}],"wp:featuredmedia":[{"embeddable":true,"href":"https:\/\/flagship.ryari.com\/index.php\/wp-json\/"}],"wp:attachment":[{"href":"https:\/\/flagship.ryari.com\/index.php\/wp-json\/wp\/v2\/media?parent=24993"}],"wp:term":[{"taxonomy":"product_cat","embeddable":true,"href":"https:\/\/flagship.ryari.com\/index.php\/wp-json\/wp\/v2\/product_cat?post=24993"},{"taxonomy":"product_tag","embeddable":true,"href":"https:\/\/flagship.ryari.com\/index.php\/wp-json\/wp\/v2\/product_tag?post=24993"}],"curies":[{"name":"wp","href":"https:\/\/api.w.org\/{rel}","templated":true}]}}