{"id":25257,"date":"2023-05-03T17:35:41","date_gmt":"2023-05-03T17:35:41","guid":{"rendered":"https:\/\/flagship.ryari.com\/index.php\/product\/64gb-micro-sd-sdxc-speicherkarte-fuer-rollei-mini-wifi-camcorder-1\/"},"modified":"2026-04-06T12:55:51","modified_gmt":"2026-04-06T12:55:51","slug":"64gb-micro-sd-sdxc-speicherkarte-fuer-rollei-mini-wifi-camcorder-1","status":"publish","type":"product","link":"https:\/\/flagship.ryari.com\/index.php\/product\/64gb-micro-sd-sdxc-speicherkarte-fuer-rollei-mini-wifi-camcorder-1\/","title":{"rendered":"64GB Micro SD SDXC Speicherkarte f\u00fcr Rollei Mini WiFi Camcorder 1"},"content":{"rendered":"","protected":false},"excerpt":{"rendered":"<p>Entdecken Sie 64GB Micro SD SDXC Speicherkarte f\u00fcr Rollei Mini WiFi Camcorder 1 in der gro\u00dfen Auswahl bei eBay. Kostenlose Lieferung f\u00fcr viele Artikel!<\/p>\n","protected":false},"featured_media":999980000000252570,"comment_status":"open","ping_status":"closed","template":"","meta":[],"product_cat":[287],"product_tag":[],"class_list":{"0":"post-25257","1":"product","2":"type-product","3":"status-publish","4":"has-post-thumbnail","6":"product_cat-micro-sd-karten","8":"first","9":"instock","10":"taxable","11":"shipping-taxable","12":"product-type-external"},"acf":[],"_links":{"self":[{"href":"https:\/\/flagship.ryari.com\/index.php\/wp-json\/wp\/v2\/product\/25257","targetHints":{"allow":["GET"]}}],"collection":[{"href":"https:\/\/flagship.ryari.com\/index.php\/wp-json\/wp\/v2\/product"}],"about":[{"href":"https:\/\/flagship.ryari.com\/index.php\/wp-json\/wp\/v2\/types\/product"}],"replies":[{"embeddable":true,"href":"https:\/\/flagship.ryari.com\/index.php\/wp-json\/wp\/v2\/comments?post=25257"}],"wp:featuredmedia":[{"embeddable":true,"href":"https:\/\/flagship.ryari.com\/index.php\/wp-json\/"}],"wp:attachment":[{"href":"https:\/\/flagship.ryari.com\/index.php\/wp-json\/wp\/v2\/media?parent=25257"}],"wp:term":[{"taxonomy":"product_cat","embeddable":true,"href":"https:\/\/flagship.ryari.com\/index.php\/wp-json\/wp\/v2\/product_cat?post=25257"},{"taxonomy":"product_tag","embeddable":true,"href":"https:\/\/flagship.ryari.com\/index.php\/wp-json\/wp\/v2\/product_tag?post=25257"}],"curies":[{"name":"wp","href":"https:\/\/api.w.org\/{rel}","templated":true}]}}