{"id":25322,"date":"2023-05-03T17:37:40","date_gmt":"2023-05-03T17:37:40","guid":{"rendered":"https:\/\/flagship.ryari.com\/index.php\/product\/original-kingston-canvas-speicherkarte-micro-sd-karte-fuer-samsung-galaxy-tab-a7\/"},"modified":"2026-04-19T18:16:03","modified_gmt":"2026-04-19T18:16:03","slug":"original-kingston-canvas-speicherkarte-micro-sd-karte-fuer-samsung-galaxy-tab-a7","status":"publish","type":"product","link":"https:\/\/flagship.ryari.com\/index.php\/product\/original-kingston-canvas-speicherkarte-micro-sd-karte-fuer-samsung-galaxy-tab-a7\/","title":{"rendered":"Original KINGSTON Canvas Speicherkarte Micro SD Karte f\u00fcr Samsung Galaxy Tab A7"},"content":{"rendered":"","protected":false},"excerpt":{"rendered":"<p>Entdecken Sie Original KINGSTON Canvas Speicherkarte Micro SD Karte f\u00fcr Samsung Galaxy Tab A7 in der gro\u00dfen Auswahl bei eBay. Kostenlose Lieferung f\u00fcr viele Artikel!<\/p>\n","protected":false},"featured_media":999980000000253220,"comment_status":"open","ping_status":"closed","template":"","meta":[],"product_cat":[287],"product_tag":[],"class_list":{"0":"post-25322","1":"product","2":"type-product","3":"status-publish","4":"has-post-thumbnail","6":"product_cat-micro-sd-karten","8":"first","9":"instock","10":"taxable","11":"shipping-taxable","12":"product-type-external"},"acf":[],"_links":{"self":[{"href":"https:\/\/flagship.ryari.com\/index.php\/wp-json\/wp\/v2\/product\/25322","targetHints":{"allow":["GET"]}}],"collection":[{"href":"https:\/\/flagship.ryari.com\/index.php\/wp-json\/wp\/v2\/product"}],"about":[{"href":"https:\/\/flagship.ryari.com\/index.php\/wp-json\/wp\/v2\/types\/product"}],"replies":[{"embeddable":true,"href":"https:\/\/flagship.ryari.com\/index.php\/wp-json\/wp\/v2\/comments?post=25322"}],"wp:featuredmedia":[{"embeddable":true,"href":"https:\/\/flagship.ryari.com\/index.php\/wp-json\/"}],"wp:attachment":[{"href":"https:\/\/flagship.ryari.com\/index.php\/wp-json\/wp\/v2\/media?parent=25322"}],"wp:term":[{"taxonomy":"product_cat","embeddable":true,"href":"https:\/\/flagship.ryari.com\/index.php\/wp-json\/wp\/v2\/product_cat?post=25322"},{"taxonomy":"product_tag","embeddable":true,"href":"https:\/\/flagship.ryari.com\/index.php\/wp-json\/wp\/v2\/product_tag?post=25322"}],"curies":[{"name":"wp","href":"https:\/\/api.w.org\/{rel}","templated":true}]}}