{"id":25494,"date":"2023-05-03T18:30:43","date_gmt":"2023-05-03T18:30:43","guid":{"rendered":"https:\/\/flagship.ryari.com\/index.php\/product\/apple-ipad-air-4-gen-256gb-wi-fi-4g-ohne-simlock-109-zoll-gruen\/"},"modified":"2026-04-14T10:48:13","modified_gmt":"2026-04-14T10:48:13","slug":"apple-ipad-air-4-gen-256gb-wi-fi-4g-ohne-simlock-109-zoll-gruen","status":"publish","type":"product","link":"https:\/\/flagship.ryari.com\/index.php\/product\/apple-ipad-air-4-gen-256gb-wi-fi-4g-ohne-simlock-109-zoll-gruen\/","title":{"rendered":"Apple iPad Air 4. Gen 256GB, Wi-Fi + 4G (Ohne Simlock), 10,9 Zoll &#8211; Gr\u00fcn"},"content":{"rendered":"","protected":false},"excerpt":{"rendered":"<p>Entdecken Sie Apple iPad Air 4. Gen 256GB, Wi-Fi + 4G (Ohne Simlock), 10,9 Zoll &#8211; Gr\u00fcn in der gro\u00dfen Auswahl bei eBay. Kostenlose Lieferung f\u00fcr viele Artikel!<\/p>\n","protected":false},"featured_media":999980000000254940,"comment_status":"open","ping_status":"closed","template":"","meta":[],"product_cat":[289],"product_tag":[],"class_list":{"0":"post-25494","1":"product","2":"type-product","3":"status-publish","4":"has-post-thumbnail","6":"product_cat-apple-ipads","8":"first","9":"instock","10":"taxable","11":"shipping-taxable","12":"product-type-external"},"acf":[],"_links":{"self":[{"href":"https:\/\/flagship.ryari.com\/index.php\/wp-json\/wp\/v2\/product\/25494","targetHints":{"allow":["GET"]}}],"collection":[{"href":"https:\/\/flagship.ryari.com\/index.php\/wp-json\/wp\/v2\/product"}],"about":[{"href":"https:\/\/flagship.ryari.com\/index.php\/wp-json\/wp\/v2\/types\/product"}],"replies":[{"embeddable":true,"href":"https:\/\/flagship.ryari.com\/index.php\/wp-json\/wp\/v2\/comments?post=25494"}],"wp:featuredmedia":[{"embeddable":true,"href":"https:\/\/flagship.ryari.com\/index.php\/wp-json\/"}],"wp:attachment":[{"href":"https:\/\/flagship.ryari.com\/index.php\/wp-json\/wp\/v2\/media?parent=25494"}],"wp:term":[{"taxonomy":"product_cat","embeddable":true,"href":"https:\/\/flagship.ryari.com\/index.php\/wp-json\/wp\/v2\/product_cat?post=25494"},{"taxonomy":"product_tag","embeddable":true,"href":"https:\/\/flagship.ryari.com\/index.php\/wp-json\/wp\/v2\/product_tag?post=25494"}],"curies":[{"name":"wp","href":"https:\/\/api.w.org\/{rel}","templated":true}]}}