{"id":25926,"date":"2023-05-03T19:27:47","date_gmt":"2023-05-03T19:27:47","guid":{"rendered":"https:\/\/flagship.ryari.com\/index.php\/product\/samsung-galaxy-tab-active-sm-t365-16gb-wlan-4g-entsperrt-203-cm-8-zoll-titanium-green-aktuellstes-modell\/"},"modified":"2026-04-12T05:44:19","modified_gmt":"2026-04-12T05:44:19","slug":"samsung-galaxy-tab-active-sm-t365-16gb-wlan-4g-entsperrt-203-cm-8-zoll-titanium-green-aktuellstes-modell","status":"publish","type":"product","link":"https:\/\/flagship.ryari.com\/index.php\/product\/samsung-galaxy-tab-active-sm-t365-16gb-wlan-4g-entsperrt-203-cm-8-zoll-titanium-green-aktuellstes-modell\/","title":{"rendered":"Samsung Galaxy Tab Active SM-T365 16GB, WLAN + 4G (Entsperrt), 20,3 cm (8 Zoll) &#8211; Titanium Green (aktuellstes Modell)"},"content":{"rendered":"<p>Mit einer integrierten Speicherkapazit\u00e4t von 16GB macht das Samsung Galaxy Tab Active SM-T365 das Speichern von Nutzerdaten und heruntergeladenen Inhalten einfach. Das Entsperrt Tablet wird von einem Android Betriebssystem angetrieben und ist mit einem 1 GHz Prozessor ausgestattet. Dieses Modell bietet eine WLAN + 4G-Konnektivit\u00e4t. Seine Akkulaufzeit betr\u00e4gt bis 10 Stunden. Zus\u00e4tzlich hat das Samsung SM-T365 einen 20,32 cm (8 Zoll)-Bildschirm, wodurch der bequeme Gebrauch und Men\u00fcf\u00fchrung garantiert werden. Weiter verf\u00fcgt das Modell \u00fcber eine 3 Megapixel Kamera. Dieses Ger\u00e4t wiegt 0.4 kg und kommt in titanium green.<\/p>\n","protected":false},"excerpt":{"rendered":"<p>Mit einer integrierten Speicherkapazit\u00e4t von 16GB macht das Samsung Galaxy Tab Active SM-T365 das Speichern von Nutzerdaten und heruntergeladenen Inhalten einfach. Das Entsperrt Tablet wird von einem Android Betriebssystem angetrieben<\/p>\n","protected":false},"featured_media":999980000000259260,"comment_status":"open","ping_status":"closed","template":"","meta":[],"product_cat":[290],"product_tag":[],"class_list":{"0":"post-25926","1":"product","2":"type-product","3":"status-publish","4":"has-post-thumbnail","6":"product_cat-tablets-andere","8":"first","9":"instock","10":"taxable","11":"shipping-taxable","12":"product-type-external"},"acf":[],"_links":{"self":[{"href":"https:\/\/flagship.ryari.com\/index.php\/wp-json\/wp\/v2\/product\/25926","targetHints":{"allow":["GET"]}}],"collection":[{"href":"https:\/\/flagship.ryari.com\/index.php\/wp-json\/wp\/v2\/product"}],"about":[{"href":"https:\/\/flagship.ryari.com\/index.php\/wp-json\/wp\/v2\/types\/product"}],"replies":[{"embeddable":true,"href":"https:\/\/flagship.ryari.com\/index.php\/wp-json\/wp\/v2\/comments?post=25926"}],"wp:featuredmedia":[{"embeddable":true,"href":"https:\/\/flagship.ryari.com\/index.php\/wp-json\/"}],"wp:attachment":[{"href":"https:\/\/flagship.ryari.com\/index.php\/wp-json\/wp\/v2\/media?parent=25926"}],"wp:term":[{"taxonomy":"product_cat","embeddable":true,"href":"https:\/\/flagship.ryari.com\/index.php\/wp-json\/wp\/v2\/product_cat?post=25926"},{"taxonomy":"product_tag","embeddable":true,"href":"https:\/\/flagship.ryari.com\/index.php\/wp-json\/wp\/v2\/product_tag?post=25926"}],"curies":[{"name":"wp","href":"https:\/\/api.w.org\/{rel}","templated":true}]}}