{"id":26994,"date":"2023-05-03T20:27:45","date_gmt":"2023-05-03T20:27:45","guid":{"rendered":"https:\/\/flagship.ryari.com\/index.php\/product\/ashampoo-3d-cad-8-professional-hausplaner-grundrisse-bauplaene-download\/"},"modified":"2026-04-17T22:24:28","modified_gmt":"2026-04-17T22:24:28","slug":"ashampoo-3d-cad-8-professional-hausplaner-grundrisse-bauplaene-download","status":"publish","type":"product","link":"https:\/\/flagship.ryari.com\/index.php\/product\/ashampoo-3d-cad-8-professional-hausplaner-grundrisse-bauplaene-download\/","title":{"rendered":"Ashampoo 3D CAD 8 Professional &#8211; Hausplaner &#8211; Grundrisse &#8211; Baupl\u00e4ne &#8211; Download"},"content":{"rendered":"","protected":false},"excerpt":{"rendered":"<p>Entdecken Sie Ashampoo 3D CAD 8 Professional &#8211; Hausplaner &#8211; Grundrisse &#8211; Baupl\u00e4ne &#8211; Download in der gro\u00dfen Auswahl bei eBay. Kostenlose Lieferung f\u00fcr viele Artikel!<\/p>\n","protected":false},"featured_media":999980000000269940,"comment_status":"open","ping_status":"closed","template":"","meta":[],"product_cat":[293],"product_tag":[],"class_list":{"0":"post-26994","1":"product","2":"type-product","3":"status-publish","4":"has-post-thumbnail","6":"product_cat-bild-video-audio","8":"first","9":"instock","10":"taxable","11":"shipping-taxable","12":"product-type-external"},"acf":[],"_links":{"self":[{"href":"https:\/\/flagship.ryari.com\/index.php\/wp-json\/wp\/v2\/product\/26994","targetHints":{"allow":["GET"]}}],"collection":[{"href":"https:\/\/flagship.ryari.com\/index.php\/wp-json\/wp\/v2\/product"}],"about":[{"href":"https:\/\/flagship.ryari.com\/index.php\/wp-json\/wp\/v2\/types\/product"}],"replies":[{"embeddable":true,"href":"https:\/\/flagship.ryari.com\/index.php\/wp-json\/wp\/v2\/comments?post=26994"}],"wp:featuredmedia":[{"embeddable":true,"href":"https:\/\/flagship.ryari.com\/index.php\/wp-json\/"}],"wp:attachment":[{"href":"https:\/\/flagship.ryari.com\/index.php\/wp-json\/wp\/v2\/media?parent=26994"}],"wp:term":[{"taxonomy":"product_cat","embeddable":true,"href":"https:\/\/flagship.ryari.com\/index.php\/wp-json\/wp\/v2\/product_cat?post=26994"},{"taxonomy":"product_tag","embeddable":true,"href":"https:\/\/flagship.ryari.com\/index.php\/wp-json\/wp\/v2\/product_tag?post=26994"}],"curies":[{"name":"wp","href":"https:\/\/api.w.org\/{rel}","templated":true}]}}