{"id":27598,"date":"2023-05-04T16:32:39","date_gmt":"2023-05-04T16:32:39","guid":{"rendered":"https:\/\/flagship.ryari.com\/index.php\/product\/tuerkisch-spezialwortschatz-fuer-au-pairs-onlinekurssprachenlernen24\/"},"modified":"2026-04-06T10:53:11","modified_gmt":"2026-04-06T10:53:11","slug":"tuerkisch-spezialwortschatz-fuer-au-pairs-onlinekurssprachenlernen24","status":"publish","type":"product","link":"https:\/\/flagship.ryari.com\/index.php\/product\/tuerkisch-spezialwortschatz-fuer-au-pairs-onlinekurssprachenlernen24\/","title":{"rendered":"T\u00fcrkisch Spezialwortschatz f\u00fcr AU-PAIRS ,Onlinekurs,Sprachenlernen24"},"content":{"rendered":"","protected":false},"excerpt":{"rendered":"<p>Entdecken Sie T\u00fcrkisch Spezialwortschatz f\u00fcr AU-PAIRS ,Onlinekurs,Sprachenlernen24 in der gro\u00dfen Auswahl bei eBay. Kostenlose Lieferung f\u00fcr viele Artikel!<\/p>\n","protected":false},"featured_media":999980000000275980,"comment_status":"open","ping_status":"closed","template":"","meta":[],"product_cat":[294],"product_tag":[],"class_list":{"0":"post-27598","1":"product","2":"type-product","3":"status-publish","4":"has-post-thumbnail","6":"product_cat-bildung-sprachen-wissen","8":"first","9":"instock","10":"taxable","11":"shipping-taxable","12":"product-type-external"},"acf":[],"_links":{"self":[{"href":"https:\/\/flagship.ryari.com\/index.php\/wp-json\/wp\/v2\/product\/27598","targetHints":{"allow":["GET"]}}],"collection":[{"href":"https:\/\/flagship.ryari.com\/index.php\/wp-json\/wp\/v2\/product"}],"about":[{"href":"https:\/\/flagship.ryari.com\/index.php\/wp-json\/wp\/v2\/types\/product"}],"replies":[{"embeddable":true,"href":"https:\/\/flagship.ryari.com\/index.php\/wp-json\/wp\/v2\/comments?post=27598"}],"wp:featuredmedia":[{"embeddable":true,"href":"https:\/\/flagship.ryari.com\/index.php\/wp-json\/"}],"wp:attachment":[{"href":"https:\/\/flagship.ryari.com\/index.php\/wp-json\/wp\/v2\/media?parent=27598"}],"wp:term":[{"taxonomy":"product_cat","embeddable":true,"href":"https:\/\/flagship.ryari.com\/index.php\/wp-json\/wp\/v2\/product_cat?post=27598"},{"taxonomy":"product_tag","embeddable":true,"href":"https:\/\/flagship.ryari.com\/index.php\/wp-json\/wp\/v2\/product_tag?post=27598"}],"curies":[{"name":"wp","href":"https:\/\/api.w.org\/{rel}","templated":true}]}}