{"id":27709,"date":"2023-05-04T16:34:12","date_gmt":"2023-05-04T16:34:12","guid":{"rendered":"https:\/\/flagship.ryari.com\/index.php\/product\/amerikanisch-spezialwortschatz-fuer-gastronomie-und-tourismusonlinekurs-2\/"},"modified":"2026-04-14T13:27:27","modified_gmt":"2026-04-14T13:27:27","slug":"amerikanisch-spezialwortschatz-fuer-gastronomie-und-tourismusonlinekurs-2","status":"publish","type":"product","link":"https:\/\/flagship.ryari.com\/index.php\/product\/amerikanisch-spezialwortschatz-fuer-gastronomie-und-tourismusonlinekurs-2\/","title":{"rendered":"Amerikanisch Spezialwortschatz f\u00fcr Gastronomie und Tourismus,Onlinekurs"},"content":{"rendered":"","protected":false},"excerpt":{"rendered":"<p>Entdecken Sie Amerikanisch Spezialwortschatz f\u00fcr Gastronomie und Tourismus,Onlinekurs in der gro\u00dfen Auswahl bei eBay. Kostenlose Lieferung f\u00fcr viele Artikel!<\/p>\n","protected":false},"featured_media":999980000000277090,"comment_status":"open","ping_status":"closed","template":"","meta":[],"product_cat":[294],"product_tag":[],"class_list":{"0":"post-27709","1":"product","2":"type-product","3":"status-publish","4":"has-post-thumbnail","6":"product_cat-bildung-sprachen-wissen","8":"first","9":"instock","10":"taxable","11":"shipping-taxable","12":"product-type-external"},"acf":[],"_links":{"self":[{"href":"https:\/\/flagship.ryari.com\/index.php\/wp-json\/wp\/v2\/product\/27709","targetHints":{"allow":["GET"]}}],"collection":[{"href":"https:\/\/flagship.ryari.com\/index.php\/wp-json\/wp\/v2\/product"}],"about":[{"href":"https:\/\/flagship.ryari.com\/index.php\/wp-json\/wp\/v2\/types\/product"}],"replies":[{"embeddable":true,"href":"https:\/\/flagship.ryari.com\/index.php\/wp-json\/wp\/v2\/comments?post=27709"}],"wp:featuredmedia":[{"embeddable":true,"href":"https:\/\/flagship.ryari.com\/index.php\/wp-json\/"}],"wp:attachment":[{"href":"https:\/\/flagship.ryari.com\/index.php\/wp-json\/wp\/v2\/media?parent=27709"}],"wp:term":[{"taxonomy":"product_cat","embeddable":true,"href":"https:\/\/flagship.ryari.com\/index.php\/wp-json\/wp\/v2\/product_cat?post=27709"},{"taxonomy":"product_tag","embeddable":true,"href":"https:\/\/flagship.ryari.com\/index.php\/wp-json\/wp\/v2\/product_tag?post=27709"}],"curies":[{"name":"wp","href":"https:\/\/api.w.org\/{rel}","templated":true}]}}