{"id":27823,"date":"2023-05-04T16:36:19","date_gmt":"2023-05-04T16:36:19","guid":{"rendered":"https:\/\/flagship.ryari.com\/index.php\/product\/finnisch-spezialwortschatz-fuer-au-pairs-onlinekurssprachenlernen24-2\/"},"modified":"2026-04-17T18:25:30","modified_gmt":"2026-04-17T18:25:30","slug":"finnisch-spezialwortschatz-fuer-au-pairs-onlinekurssprachenlernen24-2","status":"publish","type":"product","link":"https:\/\/flagship.ryari.com\/index.php\/product\/finnisch-spezialwortschatz-fuer-au-pairs-onlinekurssprachenlernen24-2\/","title":{"rendered":"Finnisch Spezialwortschatz f\u00fcr AU-PAIRS ,Onlinekurs,Sprachenlernen24"},"content":{"rendered":"","protected":false},"excerpt":{"rendered":"<p>Entdecken Sie Finnisch Spezialwortschatz f\u00fcr AU-PAIRS ,Onlinekurs,Sprachenlernen24 in der gro\u00dfen Auswahl bei eBay. Kostenlose Lieferung f\u00fcr viele Artikel!<\/p>\n","protected":false},"featured_media":999980000000278230,"comment_status":"open","ping_status":"closed","template":"","meta":[],"product_cat":[294],"product_tag":[],"class_list":{"0":"post-27823","1":"product","2":"type-product","3":"status-publish","4":"has-post-thumbnail","6":"product_cat-bildung-sprachen-wissen","8":"first","9":"instock","10":"taxable","11":"shipping-taxable","12":"product-type-external"},"acf":[],"_links":{"self":[{"href":"https:\/\/flagship.ryari.com\/index.php\/wp-json\/wp\/v2\/product\/27823","targetHints":{"allow":["GET"]}}],"collection":[{"href":"https:\/\/flagship.ryari.com\/index.php\/wp-json\/wp\/v2\/product"}],"about":[{"href":"https:\/\/flagship.ryari.com\/index.php\/wp-json\/wp\/v2\/types\/product"}],"replies":[{"embeddable":true,"href":"https:\/\/flagship.ryari.com\/index.php\/wp-json\/wp\/v2\/comments?post=27823"}],"wp:featuredmedia":[{"embeddable":true,"href":"https:\/\/flagship.ryari.com\/index.php\/wp-json\/"}],"wp:attachment":[{"href":"https:\/\/flagship.ryari.com\/index.php\/wp-json\/wp\/v2\/media?parent=27823"}],"wp:term":[{"taxonomy":"product_cat","embeddable":true,"href":"https:\/\/flagship.ryari.com\/index.php\/wp-json\/wp\/v2\/product_cat?post=27823"},{"taxonomy":"product_tag","embeddable":true,"href":"https:\/\/flagship.ryari.com\/index.php\/wp-json\/wp\/v2\/product_tag?post=27823"}],"curies":[{"name":"wp","href":"https:\/\/api.w.org\/{rel}","templated":true}]}}