{"id":28120,"date":"2023-05-04T16:41:55","date_gmt":"2023-05-04T16:41:55","guid":{"rendered":"https:\/\/flagship.ryari.com\/index.php\/product\/der-grosse-knigge-die-referenz-fuer-takt-und-stil-jahres-cd-2012-pc-neu-ovp-104\/"},"modified":"2026-04-14T11:18:19","modified_gmt":"2026-04-14T11:18:19","slug":"der-grosse-knigge-die-referenz-fuer-takt-und-stil-jahres-cd-2012-pc-neu-ovp-104","status":"publish","type":"product","link":"https:\/\/flagship.ryari.com\/index.php\/product\/der-grosse-knigge-die-referenz-fuer-takt-und-stil-jahres-cd-2012-pc-neu-ovp-104\/","title":{"rendered":"Der gro\u00dfe Knigge Die Referenz f\u00fcr Takt und Stil Jahres CD 2012 PC Neu &#038; OVP @104"},"content":{"rendered":"","protected":false},"excerpt":{"rendered":"<p>Entdecken Sie Der gro\u00dfe Knigge Die Referenz f\u00fcr Takt und Stil Jahres CD 2012 PC Neu &amp; OVP @104 in der gro\u00dfen Auswahl bei eBay. Kostenlose Lieferung f\u00fcr viele Artikel!<\/p>\n","protected":false},"featured_media":999980000000281200,"comment_status":"open","ping_status":"closed","template":"","meta":[],"product_cat":[295],"product_tag":[],"class_list":{"0":"post-28120","1":"product","2":"type-product","3":"status-publish","4":"has-post-thumbnail","6":"product_cat-buero-business","8":"first","9":"instock","10":"taxable","11":"shipping-taxable","12":"product-type-external"},"acf":[],"_links":{"self":[{"href":"https:\/\/flagship.ryari.com\/index.php\/wp-json\/wp\/v2\/product\/28120","targetHints":{"allow":["GET"]}}],"collection":[{"href":"https:\/\/flagship.ryari.com\/index.php\/wp-json\/wp\/v2\/product"}],"about":[{"href":"https:\/\/flagship.ryari.com\/index.php\/wp-json\/wp\/v2\/types\/product"}],"replies":[{"embeddable":true,"href":"https:\/\/flagship.ryari.com\/index.php\/wp-json\/wp\/v2\/comments?post=28120"}],"wp:featuredmedia":[{"embeddable":true,"href":"https:\/\/flagship.ryari.com\/index.php\/wp-json\/"}],"wp:attachment":[{"href":"https:\/\/flagship.ryari.com\/index.php\/wp-json\/wp\/v2\/media?parent=28120"}],"wp:term":[{"taxonomy":"product_cat","embeddable":true,"href":"https:\/\/flagship.ryari.com\/index.php\/wp-json\/wp\/v2\/product_cat?post=28120"},{"taxonomy":"product_tag","embeddable":true,"href":"https:\/\/flagship.ryari.com\/index.php\/wp-json\/wp\/v2\/product_tag?post=28120"}],"curies":[{"name":"wp","href":"https:\/\/api.w.org\/{rel}","templated":true}]}}