{"id":28199,"date":"2023-05-04T16:43:03","date_gmt":"2023-05-04T16:43:03","guid":{"rendered":"https:\/\/flagship.ryari.com\/index.php\/product\/rechnungsprogrammrechnung-sofware-fuer-haendler-ebayhaendler-u-amazonhaendler-edv-2\/"},"modified":"2026-05-15T23:39:03","modified_gmt":"2026-05-15T23:39:03","slug":"rechnungsprogrammrechnung-sofware-fuer-haendler-ebayhaendler-u-amazonhaendler-edv-2","status":"publish","type":"product","link":"https:\/\/flagship.ryari.com\/index.php\/product\/rechnungsprogrammrechnung-sofware-fuer-haendler-ebayhaendler-u-amazonhaendler-edv-2\/","title":{"rendered":"Rechnungsprogramm,Rechnung Sofware f\u00fcr H\u00e4ndler, Ebayh\u00e4ndler u. Amazonh\u00e4ndler EDV"},"content":{"rendered":"","protected":false},"excerpt":{"rendered":"<p>Entdecken Sie Rechnungsprogramm,Rechnung Sofware f\u00fcr H\u00e4ndler, Ebayh\u00e4ndler u. Amazonh\u00e4ndler EDV in der gro\u00dfen Auswahl bei eBay. Kostenlose Lieferung f\u00fcr viele Artikel!<\/p>\n","protected":false},"featured_media":999980000000281990,"comment_status":"open","ping_status":"closed","template":"","meta":[],"product_cat":[295],"product_tag":[],"class_list":{"0":"post-28199","1":"product","2":"type-product","3":"status-publish","4":"has-post-thumbnail","6":"product_cat-buero-business","8":"first","9":"instock","10":"taxable","11":"shipping-taxable","12":"product-type-external"},"acf":[],"_links":{"self":[{"href":"https:\/\/flagship.ryari.com\/index.php\/wp-json\/wp\/v2\/product\/28199","targetHints":{"allow":["GET"]}}],"collection":[{"href":"https:\/\/flagship.ryari.com\/index.php\/wp-json\/wp\/v2\/product"}],"about":[{"href":"https:\/\/flagship.ryari.com\/index.php\/wp-json\/wp\/v2\/types\/product"}],"replies":[{"embeddable":true,"href":"https:\/\/flagship.ryari.com\/index.php\/wp-json\/wp\/v2\/comments?post=28199"}],"wp:featuredmedia":[{"embeddable":true,"href":"https:\/\/flagship.ryari.com\/index.php\/wp-json\/"}],"wp:attachment":[{"href":"https:\/\/flagship.ryari.com\/index.php\/wp-json\/wp\/v2\/media?parent=28199"}],"wp:term":[{"taxonomy":"product_cat","embeddable":true,"href":"https:\/\/flagship.ryari.com\/index.php\/wp-json\/wp\/v2\/product_cat?post=28199"},{"taxonomy":"product_tag","embeddable":true,"href":"https:\/\/flagship.ryari.com\/index.php\/wp-json\/wp\/v2\/product_tag?post=28199"}],"curies":[{"name":"wp","href":"https:\/\/api.w.org\/{rel}","templated":true}]}}