{"id":28749,"date":"2023-05-04T16:53:15","date_gmt":"2023-05-04T16:53:15","guid":{"rendered":"https:\/\/flagship.ryari.com\/index.php\/product\/handwerkerrechnungsprogrammaufmassangebotrechnungen-softwarekundenverwaltung\/"},"modified":"2026-05-14T08:22:04","modified_gmt":"2026-05-14T08:22:04","slug":"handwerkerrechnungsprogrammaufmassangebotrechnungen-softwarekundenverwaltung","status":"publish","type":"product","link":"https:\/\/flagship.ryari.com\/index.php\/product\/handwerkerrechnungsprogrammaufmassangebotrechnungen-softwarekundenverwaltung\/","title":{"rendered":"Handwerker,Rechnungsprogramm,Aufma\u00df,Angebot,Rechnungen Software,Kundenverwaltung"},"content":{"rendered":"","protected":false},"excerpt":{"rendered":"<p>Entdecken Sie Handwerker,Rechnungsprogramm,Aufma\u00df,Angebot,Rechnungen Software,Kundenverwaltung in der gro\u00dfen Auswahl bei eBay. Kostenlose Lieferung f\u00fcr viele Artikel!<\/p>\n","protected":false},"featured_media":999980000000287490,"comment_status":"open","ping_status":"closed","template":"","meta":[],"product_cat":[295],"product_tag":[],"class_list":{"0":"post-28749","1":"product","2":"type-product","3":"status-publish","4":"has-post-thumbnail","6":"product_cat-buero-business","8":"first","9":"instock","10":"taxable","11":"shipping-taxable","12":"product-type-external"},"acf":[],"_links":{"self":[{"href":"https:\/\/flagship.ryari.com\/index.php\/wp-json\/wp\/v2\/product\/28749","targetHints":{"allow":["GET"]}}],"collection":[{"href":"https:\/\/flagship.ryari.com\/index.php\/wp-json\/wp\/v2\/product"}],"about":[{"href":"https:\/\/flagship.ryari.com\/index.php\/wp-json\/wp\/v2\/types\/product"}],"replies":[{"embeddable":true,"href":"https:\/\/flagship.ryari.com\/index.php\/wp-json\/wp\/v2\/comments?post=28749"}],"wp:featuredmedia":[{"embeddable":true,"href":"https:\/\/flagship.ryari.com\/index.php\/wp-json\/"}],"wp:attachment":[{"href":"https:\/\/flagship.ryari.com\/index.php\/wp-json\/wp\/v2\/media?parent=28749"}],"wp:term":[{"taxonomy":"product_cat","embeddable":true,"href":"https:\/\/flagship.ryari.com\/index.php\/wp-json\/wp\/v2\/product_cat?post=28749"},{"taxonomy":"product_tag","embeddable":true,"href":"https:\/\/flagship.ryari.com\/index.php\/wp-json\/wp\/v2\/product_tag?post=28749"}],"curies":[{"name":"wp","href":"https:\/\/api.w.org\/{rel}","templated":true}]}}