{"id":28890,"date":"2023-05-04T16:55:41","date_gmt":"2023-05-04T16:55:41","guid":{"rendered":"https:\/\/flagship.ryari.com\/index.php\/product\/handwerker-rechnungsprogamm-faktura-software-netzwerkloesung-10-pc-server-client-2\/"},"modified":"2026-04-17T15:29:56","modified_gmt":"2026-04-17T15:29:56","slug":"handwerker-rechnungsprogamm-faktura-software-netzwerkloesung-10-pc-server-client-2","status":"publish","type":"product","link":"https:\/\/flagship.ryari.com\/index.php\/product\/handwerker-rechnungsprogamm-faktura-software-netzwerkloesung-10-pc-server-client-2\/","title":{"rendered":"Handwerker Rechnungsprogamm Faktura Software Netzwerkl\u00f6sung 10 PC Server Client"},"content":{"rendered":"","protected":false},"excerpt":{"rendered":"<p>Entdecken Sie Handwerker Rechnungsprogamm Faktura Software Netzwerkl\u00f6sung 10 PC Server Client in der gro\u00dfen Auswahl bei eBay. Kostenlose Lieferung f\u00fcr viele Artikel!<\/p>\n","protected":false},"featured_media":999980000000288900,"comment_status":"open","ping_status":"closed","template":"","meta":[],"product_cat":[295],"product_tag":[],"class_list":{"0":"post-28890","1":"product","2":"type-product","3":"status-publish","4":"has-post-thumbnail","6":"product_cat-buero-business","8":"first","9":"instock","10":"taxable","11":"shipping-taxable","12":"product-type-external"},"acf":[],"_links":{"self":[{"href":"https:\/\/flagship.ryari.com\/index.php\/wp-json\/wp\/v2\/product\/28890","targetHints":{"allow":["GET"]}}],"collection":[{"href":"https:\/\/flagship.ryari.com\/index.php\/wp-json\/wp\/v2\/product"}],"about":[{"href":"https:\/\/flagship.ryari.com\/index.php\/wp-json\/wp\/v2\/types\/product"}],"replies":[{"embeddable":true,"href":"https:\/\/flagship.ryari.com\/index.php\/wp-json\/wp\/v2\/comments?post=28890"}],"wp:featuredmedia":[{"embeddable":true,"href":"https:\/\/flagship.ryari.com\/index.php\/wp-json\/"}],"wp:attachment":[{"href":"https:\/\/flagship.ryari.com\/index.php\/wp-json\/wp\/v2\/media?parent=28890"}],"wp:term":[{"taxonomy":"product_cat","embeddable":true,"href":"https:\/\/flagship.ryari.com\/index.php\/wp-json\/wp\/v2\/product_cat?post=28890"},{"taxonomy":"product_tag","embeddable":true,"href":"https:\/\/flagship.ryari.com\/index.php\/wp-json\/wp\/v2\/product_tag?post=28890"}],"curies":[{"name":"wp","href":"https:\/\/api.w.org\/{rel}","templated":true}]}}