{"id":29210,"date":"2023-05-04T17:04:02","date_gmt":"2023-05-04T17:04:02","guid":{"rendered":"https:\/\/flagship.ryari.com\/index.php\/product\/rechnungsprogramm-mit-2-preise-auch-kleinunternehmer-existensgruender-einmalig-2\/"},"modified":"2026-04-12T16:47:59","modified_gmt":"2026-04-12T16:47:59","slug":"rechnungsprogramm-mit-2-preise-auch-kleinunternehmer-existensgruender-einmalig-2","status":"publish","type":"product","link":"https:\/\/flagship.ryari.com\/index.php\/product\/rechnungsprogramm-mit-2-preise-auch-kleinunternehmer-existensgruender-einmalig-2\/","title":{"rendered":"Rechnungsprogramm mit 2 Preise auch Kleinunternehmer Existensgr\u00fcnder einmalig"},"content":{"rendered":"","protected":false},"excerpt":{"rendered":"<p>Entdecken Sie Rechnungsprogramm mit 2 Preise auch Kleinunternehmer Existensgr\u00fcnder einmalig in der gro\u00dfen Auswahl bei eBay. Kostenlose Lieferung f\u00fcr viele Artikel!<\/p>\n","protected":false},"featured_media":999980000000292100,"comment_status":"open","ping_status":"closed","template":"","meta":[],"product_cat":[295],"product_tag":[],"class_list":{"0":"post-29210","1":"product","2":"type-product","3":"status-publish","4":"has-post-thumbnail","6":"product_cat-buero-business","8":"first","9":"instock","10":"taxable","11":"shipping-taxable","12":"product-type-external"},"acf":[],"_links":{"self":[{"href":"https:\/\/flagship.ryari.com\/index.php\/wp-json\/wp\/v2\/product\/29210","targetHints":{"allow":["GET"]}}],"collection":[{"href":"https:\/\/flagship.ryari.com\/index.php\/wp-json\/wp\/v2\/product"}],"about":[{"href":"https:\/\/flagship.ryari.com\/index.php\/wp-json\/wp\/v2\/types\/product"}],"replies":[{"embeddable":true,"href":"https:\/\/flagship.ryari.com\/index.php\/wp-json\/wp\/v2\/comments?post=29210"}],"wp:featuredmedia":[{"embeddable":true,"href":"https:\/\/flagship.ryari.com\/index.php\/wp-json\/"}],"wp:attachment":[{"href":"https:\/\/flagship.ryari.com\/index.php\/wp-json\/wp\/v2\/media?parent=29210"}],"wp:term":[{"taxonomy":"product_cat","embeddable":true,"href":"https:\/\/flagship.ryari.com\/index.php\/wp-json\/wp\/v2\/product_cat?post=29210"},{"taxonomy":"product_tag","embeddable":true,"href":"https:\/\/flagship.ryari.com\/index.php\/wp-json\/wp\/v2\/product_tag?post=29210"}],"curies":[{"name":"wp","href":"https:\/\/api.w.org\/{rel}","templated":true}]}}