{"id":29653,"date":"2023-05-04T17:17:58","date_gmt":"2023-05-04T17:17:58","guid":{"rendered":"https:\/\/flagship.ryari.com\/index.php\/product\/aiseesoft-fonelab-ios-whatsapp-transfer-win-3-pc-fuer-18-geraete-garantie-download-2\/"},"modified":"2026-04-15T01:37:49","modified_gmt":"2026-04-15T01:37:49","slug":"aiseesoft-fonelab-ios-whatsapp-transfer-win-3-pc-fuer-18-geraete-garantie-download-2","status":"publish","type":"product","link":"https:\/\/flagship.ryari.com\/index.php\/product\/aiseesoft-fonelab-ios-whatsapp-transfer-win-3-pc-fuer-18-geraete-garantie-download-2\/","title":{"rendered":"Aiseesoft FoneLab iOS WhatsApp Transfer WIN 3 PC f\u00fcr 18 Ger\u00e4te Garantie Download"},"content":{"rendered":"","protected":false},"excerpt":{"rendered":"<p>Entdecken Sie Aiseesoft FoneLab iOS WhatsApp Transfer WIN 3 PC f\u00fcr 18 Ger\u00e4te Garantie Download in der gro\u00dfen Auswahl bei eBay. Kostenlose Lieferung f\u00fcr viele Artikel!<\/p>\n","protected":false},"featured_media":999980000000296530,"comment_status":"open","ping_status":"closed","template":"","meta":[],"product_cat":[297],"product_tag":[],"class_list":{"0":"post-29653","1":"product","2":"type-product","3":"status-publish","4":"has-post-thumbnail","6":"product_cat-hilfsprogramme-tools-treiber","8":"first","9":"instock","10":"taxable","11":"shipping-taxable","12":"product-type-external"},"acf":[],"_links":{"self":[{"href":"https:\/\/flagship.ryari.com\/index.php\/wp-json\/wp\/v2\/product\/29653","targetHints":{"allow":["GET"]}}],"collection":[{"href":"https:\/\/flagship.ryari.com\/index.php\/wp-json\/wp\/v2\/product"}],"about":[{"href":"https:\/\/flagship.ryari.com\/index.php\/wp-json\/wp\/v2\/types\/product"}],"replies":[{"embeddable":true,"href":"https:\/\/flagship.ryari.com\/index.php\/wp-json\/wp\/v2\/comments?post=29653"}],"wp:featuredmedia":[{"embeddable":true,"href":"https:\/\/flagship.ryari.com\/index.php\/wp-json\/"}],"wp:attachment":[{"href":"https:\/\/flagship.ryari.com\/index.php\/wp-json\/wp\/v2\/media?parent=29653"}],"wp:term":[{"taxonomy":"product_cat","embeddable":true,"href":"https:\/\/flagship.ryari.com\/index.php\/wp-json\/wp\/v2\/product_cat?post=29653"},{"taxonomy":"product_tag","embeddable":true,"href":"https:\/\/flagship.ryari.com\/index.php\/wp-json\/wp\/v2\/product_tag?post=29653"}],"curies":[{"name":"wp","href":"https:\/\/api.w.org\/{rel}","templated":true}]}}