{"id":29733,"date":"2023-05-04T17:19:21","date_gmt":"2023-05-04T17:19:21","guid":{"rendered":"https:\/\/flagship.ryari.com\/index.php\/product\/1-zugriffslizenz-benutzer-fuer-windows-small-business-server-2008-standard-ibm-2\/"},"modified":"2026-04-17T15:53:26","modified_gmt":"2026-04-17T15:53:26","slug":"1-zugriffslizenz-benutzer-fuer-windows-small-business-server-2008-standard-ibm-2","status":"publish","type":"product","link":"https:\/\/flagship.ryari.com\/index.php\/product\/1-zugriffslizenz-benutzer-fuer-windows-small-business-server-2008-standard-ibm-2\/","title":{"rendered":"1 Zugriffslizenz (Benutzer) f\u00fcr Windows Small Business Server 2008 Standard, IBM"},"content":{"rendered":"","protected":false},"excerpt":{"rendered":"<p>Entdecken Sie 1 Zugriffslizenz (Benutzer) f\u00fcr Windows Small Business Server 2008 Standard, IBM in der gro\u00dfen Auswahl bei eBay. Kostenlose Lieferung f\u00fcr viele Artikel!<\/p>\n","protected":false},"featured_media":999980000000297330,"comment_status":"open","ping_status":"closed","template":"","meta":[],"product_cat":[299],"product_tag":[],"class_list":{"0":"post-29733","1":"product","2":"type-product","3":"status-publish","4":"has-post-thumbnail","6":"product_cat-server-entwicklung-dbms","8":"first","9":"instock","10":"taxable","11":"shipping-taxable","12":"product-type-external"},"acf":[],"_links":{"self":[{"href":"https:\/\/flagship.ryari.com\/index.php\/wp-json\/wp\/v2\/product\/29733","targetHints":{"allow":["GET"]}}],"collection":[{"href":"https:\/\/flagship.ryari.com\/index.php\/wp-json\/wp\/v2\/product"}],"about":[{"href":"https:\/\/flagship.ryari.com\/index.php\/wp-json\/wp\/v2\/types\/product"}],"replies":[{"embeddable":true,"href":"https:\/\/flagship.ryari.com\/index.php\/wp-json\/wp\/v2\/comments?post=29733"}],"wp:featuredmedia":[{"embeddable":true,"href":"https:\/\/flagship.ryari.com\/index.php\/wp-json\/"}],"wp:attachment":[{"href":"https:\/\/flagship.ryari.com\/index.php\/wp-json\/wp\/v2\/media?parent=29733"}],"wp:term":[{"taxonomy":"product_cat","embeddable":true,"href":"https:\/\/flagship.ryari.com\/index.php\/wp-json\/wp\/v2\/product_cat?post=29733"},{"taxonomy":"product_tag","embeddable":true,"href":"https:\/\/flagship.ryari.com\/index.php\/wp-json\/wp\/v2\/product_tag?post=29733"}],"curies":[{"name":"wp","href":"https:\/\/api.w.org\/{rel}","templated":true}]}}