{"id":30188,"date":"2023-05-04T17:35:24","date_gmt":"2023-05-04T17:35:24","guid":{"rendered":"https:\/\/flagship.ryari.com\/index.php\/product\/iobit-malware-fighter-9-pro3pcsimmer-aktuell-fuer-1-jahrbitdefender-engineesd-2\/"},"modified":"2026-04-14T18:54:16","modified_gmt":"2026-04-14T18:54:16","slug":"iobit-malware-fighter-9-pro3pcsimmer-aktuell-fuer-1-jahrbitdefender-engineesd-2","status":"publish","type":"product","link":"https:\/\/flagship.ryari.com\/index.php\/product\/iobit-malware-fighter-9-pro3pcsimmer-aktuell-fuer-1-jahrbitdefender-engineesd-2\/","title":{"rendered":"IObit Malware Fighter 9 PRO|3PCs|immer aktuell f\u00fcr 1 Jahr|Bitdefender-Engine|ESD"},"content":{"rendered":"","protected":false},"excerpt":{"rendered":"<p>Entdecken Sie IObit Malware Fighter 9 PRO|3PCs|immer aktuell f\u00fcr 1 Jahr|Bitdefender-Engine|ESD in der gro\u00dfen Auswahl bei eBay. Kostenlose Lieferung f\u00fcr viele Artikel!<\/p>\n","protected":false},"featured_media":999980000000301880,"comment_status":"open","ping_status":"closed","template":"","meta":[],"product_cat":[297],"product_tag":[],"class_list":{"0":"post-30188","1":"product","2":"type-product","3":"status-publish","4":"has-post-thumbnail","6":"product_cat-hilfsprogramme-tools-treiber","8":"first","9":"instock","10":"taxable","11":"shipping-taxable","12":"product-type-external"},"acf":[],"_links":{"self":[{"href":"https:\/\/flagship.ryari.com\/index.php\/wp-json\/wp\/v2\/product\/30188","targetHints":{"allow":["GET"]}}],"collection":[{"href":"https:\/\/flagship.ryari.com\/index.php\/wp-json\/wp\/v2\/product"}],"about":[{"href":"https:\/\/flagship.ryari.com\/index.php\/wp-json\/wp\/v2\/types\/product"}],"replies":[{"embeddable":true,"href":"https:\/\/flagship.ryari.com\/index.php\/wp-json\/wp\/v2\/comments?post=30188"}],"wp:featuredmedia":[{"embeddable":true,"href":"https:\/\/flagship.ryari.com\/index.php\/wp-json\/"}],"wp:attachment":[{"href":"https:\/\/flagship.ryari.com\/index.php\/wp-json\/wp\/v2\/media?parent=30188"}],"wp:term":[{"taxonomy":"product_cat","embeddable":true,"href":"https:\/\/flagship.ryari.com\/index.php\/wp-json\/wp\/v2\/product_cat?post=30188"},{"taxonomy":"product_tag","embeddable":true,"href":"https:\/\/flagship.ryari.com\/index.php\/wp-json\/wp\/v2\/product_tag?post=30188"}],"curies":[{"name":"wp","href":"https:\/\/api.w.org\/{rel}","templated":true}]}}