{"id":30213,"date":"2023-05-04T17:36:35","date_gmt":"2023-05-04T17:36:35","guid":{"rendered":"https:\/\/flagship.ryari.com\/index.php\/product\/profi-edv-kassenbuch-kassenabrechnung-fuer-pc-excel-version-2007ff-2019-ff-2\/"},"modified":"2026-04-14T09:18:54","modified_gmt":"2026-04-14T09:18:54","slug":"profi-edv-kassenbuch-kassenabrechnung-fuer-pc-excel-version-2007ff-2019-ff-2","status":"publish","type":"product","link":"https:\/\/flagship.ryari.com\/index.php\/product\/profi-edv-kassenbuch-kassenabrechnung-fuer-pc-excel-version-2007ff-2019-ff-2\/","title":{"rendered":"Profi-EDV Kassenbuch + Kassenabrechnung &#8211; f\u00fcr PC Excel-Version 2007ff (2019 ff)"},"content":{"rendered":"","protected":false},"excerpt":{"rendered":"<p>Entdecken Sie Profi-EDV Kassenbuch + Kassenabrechnung &#8211; f\u00fcr PC Excel-Version 2007ff (2019 ff) in der gro\u00dfen Auswahl bei eBay. Kostenlose Lieferung f\u00fcr viele Artikel!<\/p>\n","protected":false},"featured_media":999980000000302130,"comment_status":"open","ping_status":"closed","template":"","meta":[],"product_cat":[297],"product_tag":[],"class_list":{"0":"post-30213","1":"product","2":"type-product","3":"status-publish","4":"has-post-thumbnail","6":"product_cat-hilfsprogramme-tools-treiber","8":"first","9":"instock","10":"taxable","11":"shipping-taxable","12":"product-type-external"},"acf":[],"_links":{"self":[{"href":"https:\/\/flagship.ryari.com\/index.php\/wp-json\/wp\/v2\/product\/30213","targetHints":{"allow":["GET"]}}],"collection":[{"href":"https:\/\/flagship.ryari.com\/index.php\/wp-json\/wp\/v2\/product"}],"about":[{"href":"https:\/\/flagship.ryari.com\/index.php\/wp-json\/wp\/v2\/types\/product"}],"replies":[{"embeddable":true,"href":"https:\/\/flagship.ryari.com\/index.php\/wp-json\/wp\/v2\/comments?post=30213"}],"wp:featuredmedia":[{"embeddable":true,"href":"https:\/\/flagship.ryari.com\/index.php\/wp-json\/"}],"wp:attachment":[{"href":"https:\/\/flagship.ryari.com\/index.php\/wp-json\/wp\/v2\/media?parent=30213"}],"wp:term":[{"taxonomy":"product_cat","embeddable":true,"href":"https:\/\/flagship.ryari.com\/index.php\/wp-json\/wp\/v2\/product_cat?post=30213"},{"taxonomy":"product_tag","embeddable":true,"href":"https:\/\/flagship.ryari.com\/index.php\/wp-json\/wp\/v2\/product_tag?post=30213"}],"curies":[{"name":"wp","href":"https:\/\/api.w.org\/{rel}","templated":true}]}}