{"id":30438,"date":"2023-05-04T17:50:37","date_gmt":"2023-05-04T17:50:37","guid":{"rendered":"https:\/\/flagship.ryari.com\/index.php\/product\/fanpage-designer-elements-fuer-facebook-pc-2012\/"},"modified":"2026-04-30T14:10:32","modified_gmt":"2026-04-30T14:10:32","slug":"fanpage-designer-elements-fuer-facebook-pc-2012","status":"publish","type":"product","link":"https:\/\/flagship.ryari.com\/index.php\/product\/fanpage-designer-elements-fuer-facebook-pc-2012\/","title":{"rendered":"Fanpage-Designer Elements f\u00fcr Facebook (PC, 2012)"},"content":{"rendered":"<p>Gef\u00e4llt mir! Individuelle und optisch ansprechende Fanseiten f\u00fcr Facebook in nur wenigen Minuten und ohne Fachkenntnisse erstellen Mehr als 600 Millionen Nutzer weltweit, fast 20 Millionen Nutzer allein in Deutschland: Das soziale Netzwerk Facebook boomt ununterbrochen. F\u00fcr Unternehmen, Onlineshopbetreiber, Touristiker, Prominente oder Blogger ist Facebook daher ein wichtiger Kommunikationskanal geworden, um mit Interessenten und Fans zu kommunizieren und die Anh\u00e4ngerschaft \u00fcber Neuigkeiten zu informieren. F\u00fcr die individuelle und optische Gestaltung der Fanseiten hat der D\u00fcsseldorfer Software-Hersteller Data Becker nun einen Designer-Editor ver\u00f6ffentlicht, mit dem sich innerhalb weniger Minuten attraktive Fanseiten durch das Hinzuf\u00fcgen von Texten, Bildern, Videos oder Fotogalerien erstellen lassen. Wer m\u00f6chte, kann auch einfach eine der \u00fcber 200 Vorlagen ausw\u00e4hlen und an den eigenen Bedarf anpassen. Mit der Software lassen sich auf einer Facebook-Fanpage beliebig viele Unterseiten anlegen, die als &#8220;Tabs&#8221; im oberen Bereich der Fanseite dargestellt werden. In jede Seite k\u00f6nnen Videos aus dem YouTube-Angebot und Bewegtbilder auf Flashbasis mit wenigen Klicks ebenso leicht eingebunden werden wie der Nachrichtenstream eines Twitterprofils, RSS-Feeds, Kartenmaterial von Google Maps, Picasa-Fotoalben oder der &#8220;Gef\u00e4llt mir!&#8221;-Knopf von Facebook. Ein skalierbarer &#8220;IFrame&#8221; erm\u00f6glicht es, auch externe Webauftritte zu integrieren, sodass auf der Fanpage die eigene Webseite, ein Onlineshop oder Newsmeldungen angezeigt werden k\u00f6nnen. Unterst\u00fctzt wird zudem das sogenannte &#8220;Fan-Gating&#8221;: F\u00fcr Fans und Nicht-Fans lassen sich verschiedene Seiten anlegen, sodass Erstbesucher etwa eine Willkommensseite angezeigt bekommen, w\u00e4hrend Stammbesucher auf eine Promotionsseite umgeleitet werden. Fachkenntnisse zur Gestaltung der Fanpage werden an keiner Stelle ben\u00f6tigt. Das Kernst\u00fcck der Software bildet der komfortabel und intuitiv zu bedienende Editor, in dem sich via Drag &amp; Drop verschiedene Bausteine beliebig auf einer Seite positionieren lassen. Zun\u00e4chst w\u00e4hlt man ein Gestaltungselement aus, positioniert es auf der leeren Seite und passt die Gr\u00f6\u00dfe wunschgem\u00e4\u00df an. Anschlie\u00dfend bestimmt man die Eigenschaften: Bei Texten k\u00f6nnen etwa Schrifttyp und -grad definiert sowie g\u00e4ngige Formatierungen vorgenommen werden; bei Formen und anderen Elementen k\u00f6nnen ein Rahmen und die Rahmenfarbe festgelegt werden. Zudem lassen sich Aufz\u00e4hlungen anlegen und Kontaktformulare einbinden. Nach Fertigstellung einer Fanseite werden die verwendeten Daten auf einem FTP-Server hinterlegt. Der &#8220;Fanpage-Designer f\u00fcr Facebook&#8221; ist ab sofort auf www.databecker.de zum Preis von 199,95 Euro im Rahmen eines Jahres-Abonnements als Kauf-Download erh\u00e4ltlich. Verwendet werden kann die Software f\u00fcr die Dauer von zw\u00f6lf Monaten, danach verl\u00e4ngert sich der Nutzungszeitraum f\u00fcr weitere zw\u00f6lf Monate (144 Euro), wenn das Abo nicht zuvor gek\u00fcndigt wird. Weitere Informationen zur Software erhalten Interessierte auf www.fanpages-erstellen.de .<\/p>\n","protected":false},"excerpt":{"rendered":"<p>Gef\u00e4llt mir! Individuelle und optisch ansprechende Fanseiten f\u00fcr Facebook in nur wenigen Minuten und ohne Fachkenntnisse erstellen Mehr als 600 Millionen Nutzer weltweit, fast 20 Millionen Nutzer allein in Deutschland:<\/p>\n","protected":false},"featured_media":999980000000304380,"comment_status":"open","ping_status":"closed","template":"","meta":[],"product_cat":[300],"product_tag":[],"class_list":{"0":"post-30438","1":"product","2":"type-product","3":"status-publish","4":"has-post-thumbnail","6":"product_cat-web-desktop-publishing","8":"first","9":"instock","10":"taxable","11":"shipping-taxable","12":"product-type-external"},"acf":[],"_links":{"self":[{"href":"https:\/\/flagship.ryari.com\/index.php\/wp-json\/wp\/v2\/product\/30438","targetHints":{"allow":["GET"]}}],"collection":[{"href":"https:\/\/flagship.ryari.com\/index.php\/wp-json\/wp\/v2\/product"}],"about":[{"href":"https:\/\/flagship.ryari.com\/index.php\/wp-json\/wp\/v2\/types\/product"}],"replies":[{"embeddable":true,"href":"https:\/\/flagship.ryari.com\/index.php\/wp-json\/wp\/v2\/comments?post=30438"}],"wp:featuredmedia":[{"embeddable":true,"href":"https:\/\/flagship.ryari.com\/index.php\/wp-json\/"}],"wp:attachment":[{"href":"https:\/\/flagship.ryari.com\/index.php\/wp-json\/wp\/v2\/media?parent=30438"}],"wp:term":[{"taxonomy":"product_cat","embeddable":true,"href":"https:\/\/flagship.ryari.com\/index.php\/wp-json\/wp\/v2\/product_cat?post=30438"},{"taxonomy":"product_tag","embeddable":true,"href":"https:\/\/flagship.ryari.com\/index.php\/wp-json\/wp\/v2\/product_tag?post=30438"}],"curies":[{"name":"wp","href":"https:\/\/api.w.org\/{rel}","templated":true}]}}