{"id":30819,"date":"2023-05-04T20:29:33","date_gmt":"2023-05-04T20:29:33","guid":{"rendered":"https:\/\/flagship.ryari.com\/index.php\/product\/sony-alpha-7c-242mp-spiegellose-systemkamera-schwarz-nur-gehaeuse\/"},"modified":"2026-05-02T09:22:45","modified_gmt":"2026-05-02T09:22:45","slug":"sony-alpha-7c-242mp-spiegellose-systemkamera-schwarz-nur-gehaeuse","status":"publish","type":"product","link":"https:\/\/flagship.ryari.com\/index.php\/product\/sony-alpha-7c-242mp-spiegellose-systemkamera-schwarz-nur-gehaeuse\/","title":{"rendered":"Sony Alpha 7C 24,2MP Spiegellose Systemkamera &#8211; Schwarz (Nur Geh\u00e4use)"},"content":{"rendered":"","protected":false},"excerpt":{"rendered":"<p>Entdecken Sie Sony Alpha 7C 24,2MP Spiegellose Systemkamera &#8211; Schwarz (Nur Geh\u00e4use) in der gro\u00dfen Auswahl bei eBay. Kostenlose Lieferung f\u00fcr viele Artikel!<\/p>\n","protected":false},"featured_media":999980000000308190,"comment_status":"open","ping_status":"closed","template":"","meta":[],"product_cat":[302],"product_tag":[],"class_list":{"0":"post-30819","1":"product","2":"type-product","3":"status-publish","4":"has-post-thumbnail","6":"product_cat-digital-kameras","8":"first","9":"instock","10":"taxable","11":"shipping-taxable","12":"product-type-external"},"acf":[],"_links":{"self":[{"href":"https:\/\/flagship.ryari.com\/index.php\/wp-json\/wp\/v2\/product\/30819","targetHints":{"allow":["GET"]}}],"collection":[{"href":"https:\/\/flagship.ryari.com\/index.php\/wp-json\/wp\/v2\/product"}],"about":[{"href":"https:\/\/flagship.ryari.com\/index.php\/wp-json\/wp\/v2\/types\/product"}],"replies":[{"embeddable":true,"href":"https:\/\/flagship.ryari.com\/index.php\/wp-json\/wp\/v2\/comments?post=30819"}],"wp:featuredmedia":[{"embeddable":true,"href":"https:\/\/flagship.ryari.com\/index.php\/wp-json\/"}],"wp:attachment":[{"href":"https:\/\/flagship.ryari.com\/index.php\/wp-json\/wp\/v2\/media?parent=30819"}],"wp:term":[{"taxonomy":"product_cat","embeddable":true,"href":"https:\/\/flagship.ryari.com\/index.php\/wp-json\/wp\/v2\/product_cat?post=30819"},{"taxonomy":"product_tag","embeddable":true,"href":"https:\/\/flagship.ryari.com\/index.php\/wp-json\/wp\/v2\/product_tag?post=30819"}],"curies":[{"name":"wp","href":"https:\/\/api.w.org\/{rel}","templated":true}]}}