{"id":30868,"date":"2023-05-04T20:31:05","date_gmt":"2023-05-04T20:31:05","guid":{"rendered":"https:\/\/flagship.ryari.com\/index.php\/product\/panasonic-lumix-lumix-dc-s5-242mp-spiegellose-kamera-schwarz-nur-gehaeuse\/"},"modified":"2026-04-24T07:11:51","modified_gmt":"2026-04-24T07:11:51","slug":"panasonic-lumix-lumix-dc-s5-242mp-spiegellose-kamera-schwarz-nur-gehaeuse","status":"publish","type":"product","link":"https:\/\/flagship.ryari.com\/index.php\/product\/panasonic-lumix-lumix-dc-s5-242mp-spiegellose-kamera-schwarz-nur-gehaeuse\/","title":{"rendered":"Panasonic Lumix LUMIX DC-S5 24,2MP Spiegellose Kamera &#8211; Schwarz (Nur Geh\u00e4use)"},"content":{"rendered":"","protected":false},"excerpt":{"rendered":"<p>Entdecken Sie Panasonic Lumix LUMIX DC-S5 24,2MP Spiegellose Kamera &#8211; Schwarz (Nur Geh\u00e4use) in der gro\u00dfen Auswahl bei eBay. Kostenlose Lieferung f\u00fcr viele Artikel!<\/p>\n","protected":false},"featured_media":999980000000308680,"comment_status":"open","ping_status":"closed","template":"","meta":[],"product_cat":[302],"product_tag":[],"class_list":{"0":"post-30868","1":"product","2":"type-product","3":"status-publish","4":"has-post-thumbnail","6":"product_cat-digital-kameras","8":"first","9":"instock","10":"taxable","11":"shipping-taxable","12":"product-type-external"},"acf":[],"_links":{"self":[{"href":"https:\/\/flagship.ryari.com\/index.php\/wp-json\/wp\/v2\/product\/30868","targetHints":{"allow":["GET"]}}],"collection":[{"href":"https:\/\/flagship.ryari.com\/index.php\/wp-json\/wp\/v2\/product"}],"about":[{"href":"https:\/\/flagship.ryari.com\/index.php\/wp-json\/wp\/v2\/types\/product"}],"replies":[{"embeddable":true,"href":"https:\/\/flagship.ryari.com\/index.php\/wp-json\/wp\/v2\/comments?post=30868"}],"wp:featuredmedia":[{"embeddable":true,"href":"https:\/\/flagship.ryari.com\/index.php\/wp-json\/"}],"wp:attachment":[{"href":"https:\/\/flagship.ryari.com\/index.php\/wp-json\/wp\/v2\/media?parent=30868"}],"wp:term":[{"taxonomy":"product_cat","embeddable":true,"href":"https:\/\/flagship.ryari.com\/index.php\/wp-json\/wp\/v2\/product_cat?post=30868"},{"taxonomy":"product_tag","embeddable":true,"href":"https:\/\/flagship.ryari.com\/index.php\/wp-json\/wp\/v2\/product_tag?post=30868"}],"curies":[{"name":"wp","href":"https:\/\/api.w.org\/{rel}","templated":true}]}}