{"id":30965,"date":"2023-05-04T20:34:10","date_gmt":"2023-05-04T20:34:10","guid":{"rendered":"https:\/\/flagship.ryari.com\/index.php\/product\/canon-eos-5d-mark-iv-30-4mp-digitalkamera-schwarz\/"},"modified":"2026-05-06T09:05:53","modified_gmt":"2026-05-06T09:05:53","slug":"canon-eos-5d-mark-iv-30-4mp-digitalkamera-schwarz","status":"publish","type":"product","link":"https:\/\/flagship.ryari.com\/index.php\/product\/canon-eos-5d-mark-iv-30-4mp-digitalkamera-schwarz\/","title":{"rendered":"Canon EOS 5D Mark IV 30.4MP Digitalkamera &#8211; Schwarz"},"content":{"rendered":"<p>Mit dieser Digitalkamera des bekannten Herstellers Canon k\u00f6nnen Aufnahmen geschossen werden, die wirklich bewegen. Neben einem gro\u00dfen Bildschirm von 3,2 Zoll oder 8,1 Zentimetern Diagonale wei\u00df diese Kamera mit einer hohen Aufl\u00f6sung von 30,4 Megapixeln zu \u00fcberzeugen. Damit gelingen Fotos nicht nur am Tag hervorragend, sondern auch in der Nacht. Weitere Highlights des Modells sind das integrierte GPS, Gesichtserkennung und die Rote-Augen-Korrektur.<\/p>\n","protected":false},"excerpt":{"rendered":"<p>Mit dieser Digitalkamera des bekannten Herstellers Canon k\u00f6nnen Aufnahmen geschossen werden, die wirklich bewegen. Neben einem gro\u00dfen Bildschirm von 3,2 Zoll oder 8,1 Zentimetern Diagonale wei\u00df diese Kamera mit einer<\/p>\n","protected":false},"featured_media":999980000000309650,"comment_status":"open","ping_status":"closed","template":"","meta":[],"product_cat":[158],"product_tag":[],"class_list":{"0":"post-30965","1":"product","2":"type-product","3":"status-publish","4":"has-post-thumbnail","6":"product_cat-digitale-spiegelreflex-kameras-dslr","8":"first","9":"instock","10":"taxable","11":"shipping-taxable","12":"product-type-external"},"acf":[],"_links":{"self":[{"href":"https:\/\/flagship.ryari.com\/index.php\/wp-json\/wp\/v2\/product\/30965","targetHints":{"allow":["GET"]}}],"collection":[{"href":"https:\/\/flagship.ryari.com\/index.php\/wp-json\/wp\/v2\/product"}],"about":[{"href":"https:\/\/flagship.ryari.com\/index.php\/wp-json\/wp\/v2\/types\/product"}],"replies":[{"embeddable":true,"href":"https:\/\/flagship.ryari.com\/index.php\/wp-json\/wp\/v2\/comments?post=30965"}],"wp:featuredmedia":[{"embeddable":true,"href":"https:\/\/flagship.ryari.com\/index.php\/wp-json\/"}],"wp:attachment":[{"href":"https:\/\/flagship.ryari.com\/index.php\/wp-json\/wp\/v2\/media?parent=30965"}],"wp:term":[{"taxonomy":"product_cat","embeddable":true,"href":"https:\/\/flagship.ryari.com\/index.php\/wp-json\/wp\/v2\/product_cat?post=30965"},{"taxonomy":"product_tag","embeddable":true,"href":"https:\/\/flagship.ryari.com\/index.php\/wp-json\/wp\/v2\/product_tag?post=30965"}],"curies":[{"name":"wp","href":"https:\/\/api.w.org\/{rel}","templated":true}]}}