{"id":31040,"date":"2023-05-04T20:38:12","date_gmt":"2023-05-04T20:38:12","guid":{"rendered":"https:\/\/flagship.ryari.com\/index.php\/product\/olympus-om-d-e-m5-mark-iii-204-mpx-nur-gehaeuse-spiegellose-systemkamera-schwarz\/"},"modified":"2026-05-13T12:17:22","modified_gmt":"2026-05-13T12:17:22","slug":"olympus-om-d-e-m5-mark-iii-204-mpx-nur-gehaeuse-spiegellose-systemkamera-schwarz","status":"publish","type":"product","link":"https:\/\/flagship.ryari.com\/index.php\/product\/olympus-om-d-e-m5-mark-iii-204-mpx-nur-gehaeuse-spiegellose-systemkamera-schwarz\/","title":{"rendered":"Olympus OM-D E-M5 Mark III 20,4 Mpx Nur Geh\u00e4use Spiegellose Systemkamera &#8211; Schwarz"},"content":{"rendered":"","protected":false},"excerpt":{"rendered":"<p>Entdecken Sie Olympus OM-D E-M5 Mark III 20,4 Mpx Nur Geh\u00e4use Spiegellose Systemkamera &#8211; Schwarz in der gro\u00dfen Auswahl bei eBay. Kostenlose Lieferung f\u00fcr viele Artikel!<\/p>\n","protected":false},"featured_media":999980000000310400,"comment_status":"open","ping_status":"closed","template":"","meta":[],"product_cat":[302],"product_tag":[],"class_list":{"0":"post-31040","1":"product","2":"type-product","3":"status-publish","4":"has-post-thumbnail","6":"product_cat-digital-kameras","8":"first","9":"instock","10":"taxable","11":"shipping-taxable","12":"product-type-external"},"acf":[],"_links":{"self":[{"href":"https:\/\/flagship.ryari.com\/index.php\/wp-json\/wp\/v2\/product\/31040","targetHints":{"allow":["GET"]}}],"collection":[{"href":"https:\/\/flagship.ryari.com\/index.php\/wp-json\/wp\/v2\/product"}],"about":[{"href":"https:\/\/flagship.ryari.com\/index.php\/wp-json\/wp\/v2\/types\/product"}],"replies":[{"embeddable":true,"href":"https:\/\/flagship.ryari.com\/index.php\/wp-json\/wp\/v2\/comments?post=31040"}],"wp:featuredmedia":[{"embeddable":true,"href":"https:\/\/flagship.ryari.com\/index.php\/wp-json\/"}],"wp:attachment":[{"href":"https:\/\/flagship.ryari.com\/index.php\/wp-json\/wp\/v2\/media?parent=31040"}],"wp:term":[{"taxonomy":"product_cat","embeddable":true,"href":"https:\/\/flagship.ryari.com\/index.php\/wp-json\/wp\/v2\/product_cat?post=31040"},{"taxonomy":"product_tag","embeddable":true,"href":"https:\/\/flagship.ryari.com\/index.php\/wp-json\/wp\/v2\/product_tag?post=31040"}],"curies":[{"name":"wp","href":"https:\/\/api.w.org\/{rel}","templated":true}]}}