{"id":31054,"date":"2023-05-04T20:39:09","date_gmt":"2023-05-04T20:39:09","guid":{"rendered":"https:\/\/flagship.ryari.com\/index.php\/product\/panasonic-lumix-dc-gh6-252-mp-digitale-four-thirdskamera-schwarz-nur-gehaeuse\/"},"modified":"2026-04-23T08:41:49","modified_gmt":"2026-04-23T08:41:49","slug":"panasonic-lumix-dc-gh6-252-mp-digitale-four-thirdskamera-schwarz-nur-gehaeuse","status":"publish","type":"product","link":"https:\/\/flagship.ryari.com\/index.php\/product\/panasonic-lumix-dc-gh6-252-mp-digitale-four-thirdskamera-schwarz-nur-gehaeuse\/","title":{"rendered":"Panasonic Lumix DC-GH6 25,2 MP Digitale Four-Thirdskamera &#8211; Schwarz (Nur Geh\u00e4use)"},"content":{"rendered":"","protected":false},"excerpt":{"rendered":"<p>Entdecken Sie Panasonic Lumix DC-GH6 25,2 MP Digitale Four-Thirdskamera &#8211; Schwarz (Nur Geh\u00e4use) in der gro\u00dfen Auswahl bei eBay. Kostenlose Lieferung f\u00fcr viele Artikel!<\/p>\n","protected":false},"featured_media":999980000000310540,"comment_status":"open","ping_status":"closed","template":"","meta":[],"product_cat":[302],"product_tag":[],"class_list":{"0":"post-31054","1":"product","2":"type-product","3":"status-publish","4":"has-post-thumbnail","6":"product_cat-digital-kameras","8":"first","9":"instock","10":"taxable","11":"shipping-taxable","12":"product-type-external"},"acf":[],"_links":{"self":[{"href":"https:\/\/flagship.ryari.com\/index.php\/wp-json\/wp\/v2\/product\/31054","targetHints":{"allow":["GET"]}}],"collection":[{"href":"https:\/\/flagship.ryari.com\/index.php\/wp-json\/wp\/v2\/product"}],"about":[{"href":"https:\/\/flagship.ryari.com\/index.php\/wp-json\/wp\/v2\/types\/product"}],"replies":[{"embeddable":true,"href":"https:\/\/flagship.ryari.com\/index.php\/wp-json\/wp\/v2\/comments?post=31054"}],"wp:featuredmedia":[{"embeddable":true,"href":"https:\/\/flagship.ryari.com\/index.php\/wp-json\/"}],"wp:attachment":[{"href":"https:\/\/flagship.ryari.com\/index.php\/wp-json\/wp\/v2\/media?parent=31054"}],"wp:term":[{"taxonomy":"product_cat","embeddable":true,"href":"https:\/\/flagship.ryari.com\/index.php\/wp-json\/wp\/v2\/product_cat?post=31054"},{"taxonomy":"product_tag","embeddable":true,"href":"https:\/\/flagship.ryari.com\/index.php\/wp-json\/wp\/v2\/product_tag?post=31054"}],"curies":[{"name":"wp","href":"https:\/\/api.w.org\/{rel}","templated":true}]}}