{"id":31063,"date":"2023-05-04T20:39:49","date_gmt":"2023-05-04T20:39:49","guid":{"rendered":"https:\/\/flagship.ryari.com\/index.php\/product\/leica-tl-2-2424mp-kompaktkamera-schwarz-nur-gehaeuse-2\/"},"modified":"2026-05-13T16:34:37","modified_gmt":"2026-05-13T16:34:37","slug":"leica-tl-2-2424mp-kompaktkamera-schwarz-nur-gehaeuse-2","status":"publish","type":"product","link":"https:\/\/flagship.ryari.com\/index.php\/product\/leica-tl-2-2424mp-kompaktkamera-schwarz-nur-gehaeuse-2\/","title":{"rendered":"Leica TL 2 24,24MP Kompaktkamera &#8211; Schwarz (Nur Geh\u00e4use)"},"content":{"rendered":"","protected":false},"excerpt":{"rendered":"<p>Entdecken Sie Leica TL 2 24,24MP Kompaktkamera &#8211; Schwarz (Nur Geh\u00e4use) in der gro\u00dfen Auswahl bei eBay. Kostenlose Lieferung f\u00fcr viele Artikel!<\/p>\n","protected":false},"featured_media":999980000000310630,"comment_status":"open","ping_status":"closed","template":"","meta":[],"product_cat":[302],"product_tag":[],"class_list":{"0":"post-31063","1":"product","2":"type-product","3":"status-publish","4":"has-post-thumbnail","6":"product_cat-digital-kameras","8":"first","9":"instock","10":"taxable","11":"shipping-taxable","12":"product-type-external"},"acf":[],"_links":{"self":[{"href":"https:\/\/flagship.ryari.com\/index.php\/wp-json\/wp\/v2\/product\/31063","targetHints":{"allow":["GET"]}}],"collection":[{"href":"https:\/\/flagship.ryari.com\/index.php\/wp-json\/wp\/v2\/product"}],"about":[{"href":"https:\/\/flagship.ryari.com\/index.php\/wp-json\/wp\/v2\/types\/product"}],"replies":[{"embeddable":true,"href":"https:\/\/flagship.ryari.com\/index.php\/wp-json\/wp\/v2\/comments?post=31063"}],"wp:featuredmedia":[{"embeddable":true,"href":"https:\/\/flagship.ryari.com\/index.php\/wp-json\/"}],"wp:attachment":[{"href":"https:\/\/flagship.ryari.com\/index.php\/wp-json\/wp\/v2\/media?parent=31063"}],"wp:term":[{"taxonomy":"product_cat","embeddable":true,"href":"https:\/\/flagship.ryari.com\/index.php\/wp-json\/wp\/v2\/product_cat?post=31063"},{"taxonomy":"product_tag","embeddable":true,"href":"https:\/\/flagship.ryari.com\/index.php\/wp-json\/wp\/v2\/product_tag?post=31063"}],"curies":[{"name":"wp","href":"https:\/\/api.w.org\/{rel}","templated":true}]}}