{"id":31310,"date":"2023-05-05T16:49:47","date_gmt":"2023-05-05T16:49:47","guid":{"rendered":"https:\/\/flagship.ryari.com\/index.php\/product\/cnc-maschinen-kamera-4k-saphir-cam-v2a-ip68-ip69k-extrem-stoss-und-kratzfest\/"},"modified":"2026-04-19T18:09:24","modified_gmt":"2026-04-19T18:09:24","slug":"cnc-maschinen-kamera-4k-saphir-cam-v2a-ip68-ip69k-extrem-stoss-und-kratzfest","status":"publish","type":"product","link":"https:\/\/flagship.ryari.com\/index.php\/product\/cnc-maschinen-kamera-4k-saphir-cam-v2a-ip68-ip69k-extrem-stoss-und-kratzfest\/","title":{"rendered":"CNC Maschinen Kamera &#8211; 4K Saphir CAM, V2A, IP68\/IP69K, extrem sto\u00df und kratzfest"},"content":{"rendered":"","protected":false},"excerpt":{"rendered":"<p>Entdecken Sie CNC Maschinen Kamera &#8211; 4K Saphir CAM, V2A, IP68\/IP69K, extrem sto\u00df und kratzfest in der gro\u00dfen Auswahl bei eBay. Kostenlose Lieferung f\u00fcr viele Artikel!<\/p>\n","protected":false},"featured_media":999980000000313100,"comment_status":"open","ping_status":"closed","template":"","meta":[],"product_cat":[304],"product_tag":[],"class_list":{"0":"post-31310","1":"product","2":"type-product","3":"status-publish","4":"has-post-thumbnail","6":"product_cat-action-kameras","8":"first","9":"instock","10":"taxable","11":"shipping-taxable","12":"product-type-external"},"acf":[],"_links":{"self":[{"href":"https:\/\/flagship.ryari.com\/index.php\/wp-json\/wp\/v2\/product\/31310","targetHints":{"allow":["GET"]}}],"collection":[{"href":"https:\/\/flagship.ryari.com\/index.php\/wp-json\/wp\/v2\/product"}],"about":[{"href":"https:\/\/flagship.ryari.com\/index.php\/wp-json\/wp\/v2\/types\/product"}],"replies":[{"embeddable":true,"href":"https:\/\/flagship.ryari.com\/index.php\/wp-json\/wp\/v2\/comments?post=31310"}],"wp:featuredmedia":[{"embeddable":true,"href":"https:\/\/flagship.ryari.com\/index.php\/wp-json\/"}],"wp:attachment":[{"href":"https:\/\/flagship.ryari.com\/index.php\/wp-json\/wp\/v2\/media?parent=31310"}],"wp:term":[{"taxonomy":"product_cat","embeddable":true,"href":"https:\/\/flagship.ryari.com\/index.php\/wp-json\/wp\/v2\/product_cat?post=31310"},{"taxonomy":"product_tag","embeddable":true,"href":"https:\/\/flagship.ryari.com\/index.php\/wp-json\/wp\/v2\/product_tag?post=31310"}],"curies":[{"name":"wp","href":"https:\/\/api.w.org\/{rel}","templated":true}]}}