{"id":31359,"date":"2023-05-05T16:51:10","date_gmt":"2023-05-05T16:51:10","guid":{"rendered":"https:\/\/flagship.ryari.com\/index.php\/product\/action-kamera-4k-fuer-moto-guzzi-v9-roamer-tourtecs-bl\/"},"modified":"2026-04-14T21:25:03","modified_gmt":"2026-04-14T21:25:03","slug":"action-kamera-4k-fuer-moto-guzzi-v9-roamer-tourtecs-bl","status":"publish","type":"product","link":"https:\/\/flagship.ryari.com\/index.php\/product\/action-kamera-4k-fuer-moto-guzzi-v9-roamer-tourtecs-bl\/","title":{"rendered":"Action Kamera 4K f\u00fcr Moto Guzzi V9 Roamer Tourtecs bl."},"content":{"rendered":"","protected":false},"excerpt":{"rendered":"<p>Entdecken Sie Action Kamera 4K f\u00fcr Moto Guzzi V9 Roamer Tourtecs bl. in der gro\u00dfen Auswahl bei eBay. Kostenlose Lieferung f\u00fcr viele Artikel!<\/p>\n","protected":false},"featured_media":999980000000313590,"comment_status":"open","ping_status":"closed","template":"","meta":[],"product_cat":[304],"product_tag":[],"class_list":{"0":"post-31359","1":"product","2":"type-product","3":"status-publish","4":"has-post-thumbnail","6":"product_cat-action-kameras","8":"first","9":"instock","10":"taxable","11":"shipping-taxable","12":"product-type-external"},"acf":[],"_links":{"self":[{"href":"https:\/\/flagship.ryari.com\/index.php\/wp-json\/wp\/v2\/product\/31359","targetHints":{"allow":["GET"]}}],"collection":[{"href":"https:\/\/flagship.ryari.com\/index.php\/wp-json\/wp\/v2\/product"}],"about":[{"href":"https:\/\/flagship.ryari.com\/index.php\/wp-json\/wp\/v2\/types\/product"}],"replies":[{"embeddable":true,"href":"https:\/\/flagship.ryari.com\/index.php\/wp-json\/wp\/v2\/comments?post=31359"}],"wp:featuredmedia":[{"embeddable":true,"href":"https:\/\/flagship.ryari.com\/index.php\/wp-json\/"}],"wp:attachment":[{"href":"https:\/\/flagship.ryari.com\/index.php\/wp-json\/wp\/v2\/media?parent=31359"}],"wp:term":[{"taxonomy":"product_cat","embeddable":true,"href":"https:\/\/flagship.ryari.com\/index.php\/wp-json\/wp\/v2\/product_cat?post=31359"},{"taxonomy":"product_tag","embeddable":true,"href":"https:\/\/flagship.ryari.com\/index.php\/wp-json\/wp\/v2\/product_tag?post=31359"}],"curies":[{"name":"wp","href":"https:\/\/api.w.org\/{rel}","templated":true}]}}