{"id":31675,"date":"2023-05-05T16:58:07","date_gmt":"2023-05-05T16:58:07","guid":{"rendered":"https:\/\/flagship.ryari.com\/index.php\/product\/walimex-pro-vdslr-all-star-set-fuer-sony-a-by-studio-ausruestung-de-2\/"},"modified":"2026-04-19T20:26:21","modified_gmt":"2026-04-19T20:26:21","slug":"walimex-pro-vdslr-all-star-set-fuer-sony-a-by-studio-ausruestung-de-2","status":"publish","type":"product","link":"https:\/\/flagship.ryari.com\/index.php\/product\/walimex-pro-vdslr-all-star-set-fuer-sony-a-by-studio-ausruestung-de-2\/","title":{"rendered":"walimex pro VDSLR All Star Set f\u00fcr Sony A by studio-ausruestung.de"},"content":{"rendered":"","protected":false},"excerpt":{"rendered":"<p>Entdecken Sie walimex pro VDSLR All Star Set f\u00fcr Sony A by studio-ausruestung.de in der gro\u00dfen Auswahl bei eBay. Kostenlose Lieferung f\u00fcr viele Artikel!<\/p>\n","protected":false},"featured_media":999980000000316750,"comment_status":"open","ping_status":"closed","template":"","meta":[],"product_cat":[304],"product_tag":[],"class_list":{"0":"post-31675","1":"product","2":"type-product","3":"status-publish","4":"has-post-thumbnail","6":"product_cat-action-kameras","8":"first","9":"instock","10":"taxable","11":"shipping-taxable","12":"product-type-external"},"acf":[],"_links":{"self":[{"href":"https:\/\/flagship.ryari.com\/index.php\/wp-json\/wp\/v2\/product\/31675","targetHints":{"allow":["GET"]}}],"collection":[{"href":"https:\/\/flagship.ryari.com\/index.php\/wp-json\/wp\/v2\/product"}],"about":[{"href":"https:\/\/flagship.ryari.com\/index.php\/wp-json\/wp\/v2\/types\/product"}],"replies":[{"embeddable":true,"href":"https:\/\/flagship.ryari.com\/index.php\/wp-json\/wp\/v2\/comments?post=31675"}],"wp:featuredmedia":[{"embeddable":true,"href":"https:\/\/flagship.ryari.com\/index.php\/wp-json\/"}],"wp:attachment":[{"href":"https:\/\/flagship.ryari.com\/index.php\/wp-json\/wp\/v2\/media?parent=31675"}],"wp:term":[{"taxonomy":"product_cat","embeddable":true,"href":"https:\/\/flagship.ryari.com\/index.php\/wp-json\/wp\/v2\/product_cat?post=31675"},{"taxonomy":"product_tag","embeddable":true,"href":"https:\/\/flagship.ryari.com\/index.php\/wp-json\/wp\/v2\/product_tag?post=31675"}],"curies":[{"name":"wp","href":"https:\/\/api.w.org\/{rel}","templated":true}]}}