{"id":32366,"date":"2023-05-05T17:32:44","date_gmt":"2023-05-05T17:32:44","guid":{"rendered":"https:\/\/flagship.ryari.com\/index.php\/product\/et-74b-bajonett-gegenlichtblende-fuer-canon-rf-100-400mm-f5-6-8-is-usm\/"},"modified":"2026-04-12T02:32:45","modified_gmt":"2026-04-12T02:32:45","slug":"et-74b-bajonett-gegenlichtblende-fuer-canon-rf-100-400mm-f5-6-8-is-usm","status":"publish","type":"product","link":"https:\/\/flagship.ryari.com\/index.php\/product\/et-74b-bajonett-gegenlichtblende-fuer-canon-rf-100-400mm-f5-6-8-is-usm\/","title":{"rendered":"ET-74B Bajonett Gegenlichtblende f\u00fcr Canon RF 100-400mm F5.6-8 IS USM"},"content":{"rendered":"","protected":false},"excerpt":{"rendered":"<p>Entdecken Sie ET-74B Bajonett Gegenlichtblende f\u00fcr Canon RF 100-400mm F5.6-8 IS USM in der gro\u00dfen Auswahl bei eBay. Kostenlose Lieferung f\u00fcr viele Artikel!<\/p>\n","protected":false},"featured_media":999980000000323660,"comment_status":"open","ping_status":"closed","template":"","meta":[],"product_cat":[303],"product_tag":[],"class_list":{"0":"post-32366","1":"product","2":"type-product","3":"status-publish","4":"has-post-thumbnail","6":"product_cat-kamera-objektive","8":"first","9":"instock","10":"taxable","11":"shipping-taxable","12":"product-type-external"},"acf":[],"_links":{"self":[{"href":"https:\/\/flagship.ryari.com\/index.php\/wp-json\/wp\/v2\/product\/32366","targetHints":{"allow":["GET"]}}],"collection":[{"href":"https:\/\/flagship.ryari.com\/index.php\/wp-json\/wp\/v2\/product"}],"about":[{"href":"https:\/\/flagship.ryari.com\/index.php\/wp-json\/wp\/v2\/types\/product"}],"replies":[{"embeddable":true,"href":"https:\/\/flagship.ryari.com\/index.php\/wp-json\/wp\/v2\/comments?post=32366"}],"wp:featuredmedia":[{"embeddable":true,"href":"https:\/\/flagship.ryari.com\/index.php\/wp-json\/"}],"wp:attachment":[{"href":"https:\/\/flagship.ryari.com\/index.php\/wp-json\/wp\/v2\/media?parent=32366"}],"wp:term":[{"taxonomy":"product_cat","embeddable":true,"href":"https:\/\/flagship.ryari.com\/index.php\/wp-json\/wp\/v2\/product_cat?post=32366"},{"taxonomy":"product_tag","embeddable":true,"href":"https:\/\/flagship.ryari.com\/index.php\/wp-json\/wp\/v2\/product_tag?post=32366"}],"curies":[{"name":"wp","href":"https:\/\/api.w.org\/{rel}","templated":true}]}}