{"id":36291,"date":"2023-05-07T16:47:30","date_gmt":"2023-05-07T16:47:30","guid":{"rendered":"https:\/\/flagship.ryari.com\/index.php\/product\/aeg-dvd-4552-400462-portabler-dvd-player\/"},"modified":"2026-04-14T11:21:13","modified_gmt":"2026-04-14T11:21:13","slug":"aeg-dvd-4552-400462-portabler-dvd-player","status":"publish","type":"product","link":"https:\/\/flagship.ryari.com\/index.php\/product\/aeg-dvd-4552-400462-portabler-dvd-player\/","title":{"rendered":"AEG DVD 4552 (400462) &#8211; Portabler Dvd-player"},"content":{"rendered":"<p>Der portable DVD-Player AEG DVD 4552 verspricht mit hochaufl\u00f6sendem Display und geringem Gewicht Unterhaltung auf langen Reisen. Neben der Wiedergabe von DVDs ist auch die Wiedergabe von USB Speichermedien m\u00f6glich. Mittels des zweiten Displays ist der Einsatz im Auto kein Problem und ist ein hochwertiges Audioerlebnis garantiert. Eine Wiedergabe \u00fcber die integrierten Lautsprecher ist alternativ m\u00f6glich. Die beiden Displays sind 9 Zoll gro\u00df.<\/p>\n","protected":false},"excerpt":{"rendered":"<p>Der portable DVD-Player AEG DVD 4552 verspricht mit hochaufl\u00f6sendem Display und geringem Gewicht Unterhaltung auf langen Reisen. Neben der Wiedergabe von DVDs ist auch die Wiedergabe von USB Speichermedien m\u00f6glich.<\/p>\n","protected":false},"featured_media":999980000000362910,"comment_status":"open","ping_status":"closed","template":"","meta":[],"product_cat":[317],"product_tag":[],"class_list":{"0":"post-36291","1":"product","2":"type-product","3":"status-publish","4":"has-post-thumbnail","6":"product_cat-dvd-blu-ray-player-recorder","8":"first","9":"instock","10":"taxable","11":"shipping-taxable","12":"product-type-external"},"acf":[],"_links":{"self":[{"href":"https:\/\/flagship.ryari.com\/index.php\/wp-json\/wp\/v2\/product\/36291","targetHints":{"allow":["GET"]}}],"collection":[{"href":"https:\/\/flagship.ryari.com\/index.php\/wp-json\/wp\/v2\/product"}],"about":[{"href":"https:\/\/flagship.ryari.com\/index.php\/wp-json\/wp\/v2\/types\/product"}],"replies":[{"embeddable":true,"href":"https:\/\/flagship.ryari.com\/index.php\/wp-json\/wp\/v2\/comments?post=36291"}],"wp:featuredmedia":[{"embeddable":true,"href":"https:\/\/flagship.ryari.com\/index.php\/wp-json\/"}],"wp:attachment":[{"href":"https:\/\/flagship.ryari.com\/index.php\/wp-json\/wp\/v2\/media?parent=36291"}],"wp:term":[{"taxonomy":"product_cat","embeddable":true,"href":"https:\/\/flagship.ryari.com\/index.php\/wp-json\/wp\/v2\/product_cat?post=36291"},{"taxonomy":"product_tag","embeddable":true,"href":"https:\/\/flagship.ryari.com\/index.php\/wp-json\/wp\/v2\/product_tag?post=36291"}],"curies":[{"name":"wp","href":"https:\/\/api.w.org\/{rel}","templated":true}]}}