{"id":36796,"date":"2023-05-07T17:29:42","date_gmt":"2023-05-07T17:29:42","guid":{"rendered":"https:\/\/flagship.ryari.com\/index.php\/product\/viewsonic-px701-4k-ultra-hd-heimkino-dlp-beamer-weiss\/"},"modified":"2026-04-14T09:29:33","modified_gmt":"2026-04-14T09:29:33","slug":"viewsonic-px701-4k-ultra-hd-heimkino-dlp-beamer-weiss","status":"publish","type":"product","link":"https:\/\/flagship.ryari.com\/index.php\/product\/viewsonic-px701-4k-ultra-hd-heimkino-dlp-beamer-weiss\/","title":{"rendered":"ViewSonic PX701-4K Ultra HD Heimkino DLP-Beamer &#8211; Wei\u00df"},"content":{"rendered":"","protected":false},"excerpt":{"rendered":"<p>Entdecken Sie ViewSonic PX701-4K Ultra HD Heimkino DLP-Beamer &#8211; Wei\u00df in der gro\u00dfen Auswahl bei eBay. Kostenlose Lieferung f\u00fcr viele Artikel!<\/p>\n","protected":false},"featured_media":999980000000367960,"comment_status":"open","ping_status":"closed","template":"","meta":[],"product_cat":[321],"product_tag":[],"class_list":{"0":"post-36796","1":"product","2":"type-product","3":"status-publish","4":"has-post-thumbnail","6":"product_cat-heimkino-beamer","8":"first","9":"instock","10":"taxable","11":"shipping-taxable","12":"product-type-external"},"acf":[],"_links":{"self":[{"href":"https:\/\/flagship.ryari.com\/index.php\/wp-json\/wp\/v2\/product\/36796","targetHints":{"allow":["GET"]}}],"collection":[{"href":"https:\/\/flagship.ryari.com\/index.php\/wp-json\/wp\/v2\/product"}],"about":[{"href":"https:\/\/flagship.ryari.com\/index.php\/wp-json\/wp\/v2\/types\/product"}],"replies":[{"embeddable":true,"href":"https:\/\/flagship.ryari.com\/index.php\/wp-json\/wp\/v2\/comments?post=36796"}],"wp:featuredmedia":[{"embeddable":true,"href":"https:\/\/flagship.ryari.com\/index.php\/wp-json\/"}],"wp:attachment":[{"href":"https:\/\/flagship.ryari.com\/index.php\/wp-json\/wp\/v2\/media?parent=36796"}],"wp:term":[{"taxonomy":"product_cat","embeddable":true,"href":"https:\/\/flagship.ryari.com\/index.php\/wp-json\/wp\/v2\/product_cat?post=36796"},{"taxonomy":"product_tag","embeddable":true,"href":"https:\/\/flagship.ryari.com\/index.php\/wp-json\/wp\/v2\/product_tag?post=36796"}],"curies":[{"name":"wp","href":"https:\/\/api.w.org\/{rel}","templated":true}]}}