{"id":38482,"date":"2023-05-07T19:02:19","date_gmt":"2023-05-07T19:02:19","guid":{"rendered":"https:\/\/flagship.ryari.com\/index.php\/product\/antenne-premiumx-pxs80-stahl-80cm-sat-schuessel-spiegel-in-ziegelrot-b-ware-nr457\/"},"modified":"2026-04-14T09:44:29","modified_gmt":"2026-04-14T09:44:29","slug":"antenne-premiumx-pxs80-stahl-80cm-sat-schuessel-spiegel-in-ziegelrot-b-ware-nr457","status":"publish","type":"product","link":"https:\/\/flagship.ryari.com\/index.php\/product\/antenne-premiumx-pxs80-stahl-80cm-sat-schuessel-spiegel-in-ziegelrot-b-ware-nr457\/","title":{"rendered":"Antenne PremiumX Pxs80 Stahl 80cm SAT Sch\u00fcssel Spiegel In ziegelrot B-ware Nr457"},"content":{"rendered":"","protected":false},"excerpt":{"rendered":"<p>Entdecken Sie Antenne PremiumX Pxs80 Stahl 80cm SAT Sch\u00fcssel Spiegel In ziegelrot B-ware Nr457 in der gro\u00dfen Auswahl bei eBay. Kostenlose Lieferung f\u00fcr viele Artikel!<\/p>\n","protected":false},"featured_media":999980000000384820,"comment_status":"open","ping_status":"closed","template":"","meta":[],"product_cat":[327],"product_tag":[],"class_list":{"0":"post-38482","1":"product","2":"type-product","3":"status-publish","4":"has-post-thumbnail","6":"product_cat-satellitenschuesseln","8":"first","9":"instock","10":"taxable","11":"shipping-taxable","12":"product-type-external"},"acf":[],"_links":{"self":[{"href":"https:\/\/flagship.ryari.com\/index.php\/wp-json\/wp\/v2\/product\/38482","targetHints":{"allow":["GET"]}}],"collection":[{"href":"https:\/\/flagship.ryari.com\/index.php\/wp-json\/wp\/v2\/product"}],"about":[{"href":"https:\/\/flagship.ryari.com\/index.php\/wp-json\/wp\/v2\/types\/product"}],"replies":[{"embeddable":true,"href":"https:\/\/flagship.ryari.com\/index.php\/wp-json\/wp\/v2\/comments?post=38482"}],"wp:featuredmedia":[{"embeddable":true,"href":"https:\/\/flagship.ryari.com\/index.php\/wp-json\/"}],"wp:attachment":[{"href":"https:\/\/flagship.ryari.com\/index.php\/wp-json\/wp\/v2\/media?parent=38482"}],"wp:term":[{"taxonomy":"product_cat","embeddable":true,"href":"https:\/\/flagship.ryari.com\/index.php\/wp-json\/wp\/v2\/product_cat?post=38482"},{"taxonomy":"product_tag","embeddable":true,"href":"https:\/\/flagship.ryari.com\/index.php\/wp-json\/wp\/v2\/product_tag?post=38482"}],"curies":[{"name":"wp","href":"https:\/\/api.w.org\/{rel}","templated":true}]}}