{"id":38722,"date":"2023-05-07T19:08:26","date_gmt":"2023-05-07T19:08:26","guid":{"rendered":"https:\/\/flagship.ryari.com\/index.php\/product\/comag-60-cm-satelliten-sat-spiegel-schuessel-antenne-digitale-anlage-hdtv-hd-4k-d-2\/"},"modified":"2026-04-23T18:10:56","modified_gmt":"2026-04-23T18:10:56","slug":"comag-60-cm-satelliten-sat-spiegel-schuessel-antenne-digitale-anlage-hdtv-hd-4k-d-2","status":"publish","type":"product","link":"https:\/\/flagship.ryari.com\/index.php\/product\/comag-60-cm-satelliten-sat-spiegel-schuessel-antenne-digitale-anlage-hdtv-hd-4k-d-2\/","title":{"rendered":"COMAG 60 cm Satelliten SAT Spiegel Sch\u00fcssel Antenne Digitale Anlage HDTV HD 4K d"},"content":{"rendered":"","protected":false},"excerpt":{"rendered":"<p>Entdecken Sie COMAG 60 cm Satelliten SAT Spiegel Sch\u00fcssel Antenne Digitale Anlage HDTV HD 4K d in der gro\u00dfen Auswahl bei eBay. Kostenlose Lieferung f\u00fcr viele Artikel!<\/p>\n","protected":false},"featured_media":999980000000387220,"comment_status":"open","ping_status":"closed","template":"","meta":[],"product_cat":[327],"product_tag":[],"class_list":{"0":"post-38722","1":"product","2":"type-product","3":"status-publish","4":"has-post-thumbnail","6":"product_cat-satellitenschuesseln","8":"first","9":"instock","10":"taxable","11":"shipping-taxable","12":"product-type-external"},"acf":[],"_links":{"self":[{"href":"https:\/\/flagship.ryari.com\/index.php\/wp-json\/wp\/v2\/product\/38722","targetHints":{"allow":["GET"]}}],"collection":[{"href":"https:\/\/flagship.ryari.com\/index.php\/wp-json\/wp\/v2\/product"}],"about":[{"href":"https:\/\/flagship.ryari.com\/index.php\/wp-json\/wp\/v2\/types\/product"}],"replies":[{"embeddable":true,"href":"https:\/\/flagship.ryari.com\/index.php\/wp-json\/wp\/v2\/comments?post=38722"}],"wp:featuredmedia":[{"embeddable":true,"href":"https:\/\/flagship.ryari.com\/index.php\/wp-json\/"}],"wp:attachment":[{"href":"https:\/\/flagship.ryari.com\/index.php\/wp-json\/wp\/v2\/media?parent=38722"}],"wp:term":[{"taxonomy":"product_cat","embeddable":true,"href":"https:\/\/flagship.ryari.com\/index.php\/wp-json\/wp\/v2\/product_cat?post=38722"},{"taxonomy":"product_tag","embeddable":true,"href":"https:\/\/flagship.ryari.com\/index.php\/wp-json\/wp\/v2\/product_tag?post=38722"}],"curies":[{"name":"wp","href":"https:\/\/api.w.org\/{rel}","templated":true}]}}